{"id":42165,"date":"2026-01-27T19:35:05","date_gmt":"2026-01-27T19:35:05","guid":{"rendered":"https:\/\/www.deporteseli.com\/?product=rinonera-reebok-8054932"},"modified":"2026-01-27T19:35:07","modified_gmt":"2026-01-27T19:35:07","slug":"rinonera-reebok-8054932","status":"publish","type":"product","link":"https:\/\/www.deporteseli.com\/?product=rinonera-reebok-8054932","title":{"rendered":"RI\u00f1ONERA REEBOK 8054932"},"content":{"rendered":"<p>La ri\u00f1onera Reebok Wayland es una ri\u00f1onera ideal para el d\u00eda a d\u00eda. Con un dise\u00f1o moderno y funcional, esta ri\u00f1onera te permite llevar tus pertenencias de forma segura y c\u00f3moda. Cuenta con un compartimiento principal espacioso y varios bolsillos adicionales para organizar tus objetos personales. Est\u00e1 fabricada con materiales de alta calidad que garantizan durabilidad y resistencia. Adem\u00e1s, su correa ajustable te permite adaptarla a tu medida.    Caracter\u00edsticas:    Materiales de alta calidad  Compartimiento principal espacioso  Varios bolsillos adicionales  Dise\u00f1o moderno y funcional  Correa ajustable  Duradera y resistente  Segura y c\u00f3moda                                                                                                                                                                                                                                                                                                                                                                                                                                                                                                                                                                                                                                                                                                                                                                                                                                                                                                                                                                                                                                        <\/p>\n","protected":false},"excerpt":{"rendered":"<p>RI\u00f1ONERA REEBOK 8054932<\/p>\n","protected":false},"featured_media":55714,"template":"","meta":[],"product_brand":[],"product_cat":[410],"product_tag":[41],"class_list":{"0":"post-42165","1":"product","2":"type-product","3":"status-publish","4":"has-post-thumbnail","6":"product_cat-accesorios_rinoneras","7":"product_tag-reebok","8":"pa_color-azul","9":"pa_talla-unica","10":"thunk-woo-product-list","11":"opn-qv-enable","12":"open-woo-hover-","13":"open-single-product-tab-horizontal","14":"open-shadow-","15":"open-shadow-hover-","17":"first","18":"instock","19":"shipping-taxable","20":"purchasable","21":"product-type-variable"},"jetpack_sharing_enabled":true,"_links":{"self":[{"href":"https:\/\/www.deporteseli.com\/index.php?rest_route=\/wp\/v2\/product\/42165","targetHints":{"allow":["GET"]}}],"collection":[{"href":"https:\/\/www.deporteseli.com\/index.php?rest_route=\/wp\/v2\/product"}],"about":[{"href":"https:\/\/www.deporteseli.com\/index.php?rest_route=\/wp\/v2\/types\/product"}],"wp:featuredmedia":[{"embeddable":true,"href":"https:\/\/www.deporteseli.com\/index.php?rest_route=\/wp\/v2\/media\/55714"}],"wp:attachment":[{"href":"https:\/\/www.deporteseli.com\/index.php?rest_route=%2Fwp%2Fv2%2Fmedia&parent=42165"}],"wp:term":[{"taxonomy":"product_brand","embeddable":true,"href":"https:\/\/www.deporteseli.com\/index.php?rest_route=%2Fwp%2Fv2%2Fproduct_brand&post=42165"},{"taxonomy":"product_cat","embeddable":true,"href":"https:\/\/www.deporteseli.com\/index.php?rest_route=%2Fwp%2Fv2%2Fproduct_cat&post=42165"},{"taxonomy":"product_tag","embeddable":true,"href":"https:\/\/www.deporteseli.com\/index.php?rest_route=%2Fwp%2Fv2%2Fproduct_tag&post=42165"}],"curies":[{"name":"wp","href":"https:\/\/api.w.org\/{rel}","templated":true}]}}