{"id":42163,"date":"2026-01-27T19:35:03","date_gmt":"2026-01-27T19:35:03","guid":{"rendered":"https:\/\/www.deporteseli.com\/?product=mochila-reebok-8052332"},"modified":"2026-01-27T19:35:04","modified_gmt":"2026-01-27T19:35:04","slug":"mochila-reebok-8052332","status":"publish","type":"product","link":"https:\/\/www.deporteseli.com\/?product=mochila-reebok-8052332","title":{"rendered":"MOCHILA REEBOK 8052332"},"content":{"rendered":"<p>La mochila Reebok Wayland es ideal para el d\u00eda a d\u00eda. Cuenta con dos compartimentos y un estuche para llevar tus pertenencias de forma organizada. Su dise\u00f1o innovador y resistente la convierten en una opci\u00f3n perfecta para tus actividades diarias. Disfruta de su comodidad y estilo \u00fanico.    Caracter\u00edsticas:  40cm  Dos compartimentos espaciosos  Un estuche adicional  Dise\u00f1o innovador  Resistente y duradera  Comodidad garantizada  Estilo \u00fanico  Perfecta para el d\u00eda a d\u00eda                                                                                                                                                                                                                                                                                                                                                                                                                                                                                                                                                                                                                                                                                                                                                                                                                                                                                                                                                                                                                                        <\/p>\n","protected":false},"excerpt":{"rendered":"<p>MOCHILA REEBOK 8052332<\/p>\n","protected":false},"featured_media":55710,"template":"","meta":[],"product_brand":[],"product_cat":[401],"product_tag":[41],"class_list":{"0":"post-42163","1":"product","2":"type-product","3":"status-publish","4":"has-post-thumbnail","6":"product_cat-accesorios_mochilas","7":"product_tag-reebok","8":"pa_color-azul","9":"pa_talla-unica","10":"thunk-woo-product-list","11":"opn-qv-enable","12":"open-woo-hover-","13":"open-single-product-tab-horizontal","14":"open-shadow-","15":"open-shadow-hover-","17":"first","18":"instock","19":"shipping-taxable","20":"purchasable","21":"product-type-variable"},"jetpack_sharing_enabled":true,"_links":{"self":[{"href":"https:\/\/www.deporteseli.com\/index.php?rest_route=\/wp\/v2\/product\/42163","targetHints":{"allow":["GET"]}}],"collection":[{"href":"https:\/\/www.deporteseli.com\/index.php?rest_route=\/wp\/v2\/product"}],"about":[{"href":"https:\/\/www.deporteseli.com\/index.php?rest_route=\/wp\/v2\/types\/product"}],"wp:featuredmedia":[{"embeddable":true,"href":"https:\/\/www.deporteseli.com\/index.php?rest_route=\/wp\/v2\/media\/55710"}],"wp:attachment":[{"href":"https:\/\/www.deporteseli.com\/index.php?rest_route=%2Fwp%2Fv2%2Fmedia&parent=42163"}],"wp:term":[{"taxonomy":"product_brand","embeddable":true,"href":"https:\/\/www.deporteseli.com\/index.php?rest_route=%2Fwp%2Fv2%2Fproduct_brand&post=42163"},{"taxonomy":"product_cat","embeddable":true,"href":"https:\/\/www.deporteseli.com\/index.php?rest_route=%2Fwp%2Fv2%2Fproduct_cat&post=42163"},{"taxonomy":"product_tag","embeddable":true,"href":"https:\/\/www.deporteseli.com\/index.php?rest_route=%2Fwp%2Fv2%2Fproduct_tag&post=42163"}],"curies":[{"name":"wp","href":"https:\/\/api.w.org\/{rel}","templated":true}]}}