{"id":42161,"date":"2026-01-27T19:35:00","date_gmt":"2026-01-27T19:35:00","guid":{"rendered":"https:\/\/www.deporteseli.com\/?product=mochila-reebok-8052331"},"modified":"2026-01-27T19:35:02","modified_gmt":"2026-01-27T19:35:02","slug":"mochila-reebok-8052331","status":"publish","type":"product","link":"https:\/\/www.deporteseli.com\/?product=mochila-reebok-8052331","title":{"rendered":"MOCHILA REEBOK 8052331"},"content":{"rendered":"<p>Descripci\u00f3n  Conserva tu look moderno y minimalista con la nueva colecci\u00f3n Wayland de Reebok. Sus tonos oscuros har\u00e1n que tus looks sigan manteniendo el estilo que tanto te caracteriza. Descubre la colecci\u00f3n compuesta por Mochilas, bolsas de deporte, gym sacs, zapateros, bandoleras y ri\u00f1oneras que te solucionar\u00e1n muchos inconvenientes que puedan surgir en tu d\u00eda a d\u00eda. Gracias a sus compartimentos, sus diferentes dimensiones y su versatilidad, esta colecci\u00f3n ser\u00e1 la perfecta para utilizarla ya sea para ir de viaje, irte de excursi\u00f3n, ir a la universidad o incluso ir al gimnasio.    Caracter\u00edsticas  Mochila de 33 cm x 48 cm x 17 cm fabricada en Poli\u00e9ster.  Compartimento principal con espacio acolchado para llevar el ordenador de hasta 15,6 pulgadas (35,5 cm alto x 26 cm ancho x 3 cm profundo).  Bolsillo frontal para que lleves el material escolar organizado y bolsillo lateral para guardar la botella de agua o paraguas  Espalda reforzada con tirantes anchos, ergon\u00f3micos y acolchados que se adaptan perfectamente a la espalda para ofrecer el mayor confort                                                                                                                                                                                                                                                                                                                                                                                                                                                                                                                                                                                                                                                                                                                                                                                                                                                                                                                                                                                                                                        <\/p>\n","protected":false},"excerpt":{"rendered":"<p>MOCHILA REEBOK 8052331<\/p>\n","protected":false},"featured_media":55706,"template":"","meta":[],"product_brand":[],"product_cat":[401],"product_tag":[41],"class_list":{"0":"post-42161","1":"product","2":"type-product","3":"status-publish","4":"has-post-thumbnail","6":"product_cat-accesorios_mochilas","7":"product_tag-reebok","8":"pa_color-negro","9":"pa_talla-unica","10":"thunk-woo-product-list","11":"opn-qv-enable","12":"open-woo-hover-","13":"open-single-product-tab-horizontal","14":"open-shadow-","15":"open-shadow-hover-","17":"first","18":"instock","19":"shipping-taxable","20":"purchasable","21":"product-type-variable"},"jetpack_sharing_enabled":true,"_links":{"self":[{"href":"https:\/\/www.deporteseli.com\/index.php?rest_route=\/wp\/v2\/product\/42161","targetHints":{"allow":["GET"]}}],"collection":[{"href":"https:\/\/www.deporteseli.com\/index.php?rest_route=\/wp\/v2\/product"}],"about":[{"href":"https:\/\/www.deporteseli.com\/index.php?rest_route=\/wp\/v2\/types\/product"}],"wp:featuredmedia":[{"embeddable":true,"href":"https:\/\/www.deporteseli.com\/index.php?rest_route=\/wp\/v2\/media\/55706"}],"wp:attachment":[{"href":"https:\/\/www.deporteseli.com\/index.php?rest_route=%2Fwp%2Fv2%2Fmedia&parent=42161"}],"wp:term":[{"taxonomy":"product_brand","embeddable":true,"href":"https:\/\/www.deporteseli.com\/index.php?rest_route=%2Fwp%2Fv2%2Fproduct_brand&post=42161"},{"taxonomy":"product_cat","embeddable":true,"href":"https:\/\/www.deporteseli.com\/index.php?rest_route=%2Fwp%2Fv2%2Fproduct_cat&post=42161"},{"taxonomy":"product_tag","embeddable":true,"href":"https:\/\/www.deporteseli.com\/index.php?rest_route=%2Fwp%2Fv2%2Fproduct_tag&post=42161"}],"curies":[{"name":"wp","href":"https:\/\/api.w.org\/{rel}","templated":true}]}}