{"id":42157,"date":"2026-01-27T19:34:55","date_gmt":"2026-01-27T19:34:55","guid":{"rendered":"https:\/\/www.deporteseli.com\/?product=tenis-reebok-100033496"},"modified":"2026-02-19T05:18:16","modified_gmt":"2026-02-19T05:18:16","slug":"tenis-reebok-100033496","status":"publish","type":"product","link":"https:\/\/www.deporteseli.com\/?product=tenis-reebok-100033496","title":{"rendered":"TENIS REEBOK 100033496"},"content":{"rendered":"<p>Descripci\u00f3n  ZAPATILLAS CON DETALLES DE COLOR INSPIRADAS EN LOS DISE\u00d1OS DE ARCHIVO    A\u00f1ade un toque de minimalismo a su look. Estas zapatillas Reebok cuentan con unos toques de color en negro y blanco. Su suela de goma resistente al desgaste es perfecta para jugar durante todo el d\u00eda.  Negro y blanco  Parte superior de cuero sint\u00e9tico  Bucle de grosgrain en el tal\u00f3n  Logo en el tal\u00f3n y el lateral  Tobillo y leng\u00fceta acolchados  Plantilla moldeada  Etiqueta del logo en la leng\u00fceta  Puntera perforada  Puntera reforzada  Entresuela de espuma EVA  Suela de goma  Cierre autoadherente en la parte delantera  ID del modelo: 100033496                                                                                                                                                                                                                                                                                                                                                                                                                                                                                                                                                                                                                                                                                                                                                                                                                                                                                                                                                                                                                                        <\/p>\n","protected":false},"excerpt":{"rendered":"<p>TENIS REEBOK 100033496<\/p>\n","protected":false},"featured_media":55700,"template":"","meta":[],"product_brand":[],"product_cat":[310],"product_tag":[41],"class_list":{"0":"post-42157","1":"product","2":"type-product","3":"status-publish","4":"has-post-thumbnail","6":"product_cat-nino_calzado_casual","7":"product_tag-reebok","8":"pa_color-unico","9":"pa_talla-129","10":"thunk-woo-product-list","11":"opn-qv-enable","12":"open-woo-hover-","13":"open-single-product-tab-horizontal","14":"open-shadow-","15":"open-shadow-hover-","17":"first","18":"instock","19":"sale","20":"shipping-taxable","21":"purchasable","22":"product-type-variable"},"jetpack_sharing_enabled":true,"_links":{"self":[{"href":"https:\/\/www.deporteseli.com\/index.php?rest_route=\/wp\/v2\/product\/42157","targetHints":{"allow":["GET"]}}],"collection":[{"href":"https:\/\/www.deporteseli.com\/index.php?rest_route=\/wp\/v2\/product"}],"about":[{"href":"https:\/\/www.deporteseli.com\/index.php?rest_route=\/wp\/v2\/types\/product"}],"wp:featuredmedia":[{"embeddable":true,"href":"https:\/\/www.deporteseli.com\/index.php?rest_route=\/wp\/v2\/media\/55700"}],"wp:attachment":[{"href":"https:\/\/www.deporteseli.com\/index.php?rest_route=%2Fwp%2Fv2%2Fmedia&parent=42157"}],"wp:term":[{"taxonomy":"product_brand","embeddable":true,"href":"https:\/\/www.deporteseli.com\/index.php?rest_route=%2Fwp%2Fv2%2Fproduct_brand&post=42157"},{"taxonomy":"product_cat","embeddable":true,"href":"https:\/\/www.deporteseli.com\/index.php?rest_route=%2Fwp%2Fv2%2Fproduct_cat&post=42157"},{"taxonomy":"product_tag","embeddable":true,"href":"https:\/\/www.deporteseli.com\/index.php?rest_route=%2Fwp%2Fv2%2Fproduct_tag&post=42157"}],"curies":[{"name":"wp","href":"https:\/\/api.w.org\/{rel}","templated":true}]}}