{"id":42149,"date":"2026-01-27T19:34:45","date_gmt":"2026-01-27T19:34:45","guid":{"rendered":"https:\/\/www.deporteseli.com\/?product=botas-de-futbol-f50-league-moqueta"},"modified":"2026-04-08T04:17:34","modified_gmt":"2026-04-08T04:17:34","slug":"botas-de-futbol-f50-league-moqueta","status":"publish","type":"product","link":"https:\/\/www.deporteseli.com\/?product=botas-de-futbol-f50-league-moqueta","title":{"rendered":"BOTAS DE F\u00faTBOL F50 LEAGUE MOQUETA"},"content":{"rendered":"<p>ACELERA TU JUEGO  Desata tu velocidad con la adidas F50. Dise\u00f1ada para desplegar tu m\u00e1xima aceleraci\u00f3n, agilidad y explosividad en el campo. Esta zapatilla de f\u00fatbol adidas League para j\u00f3venes promesas presenta un empeine Fiberskin con un estampado Sprintgrid en el antepi\u00e9 y una leng\u00fceta perforada que favorece la ventilaci\u00f3n. La suela de goma estriada te proporciona mayor aceleraci\u00f3n y tracci\u00f3n en campos de moqueta.    Este producto contiene al menos un 20% de materiales reciclados. Utilizando materiales reciclados, reducimos los residuos, nuestra dependencia de los recursos finitos y la huella que generan los productos que fabricamos.  Horma cl\u00e1sica  Cierre de cordones  Empeine Fiberskin con estampado Sprintgrid  Forro textil  Leng\u00fceta perforada  Suela de goma para campos de moqueta  Contiene al menos un 20% de material reciclado  Color del art\u00edculo: Core Black \/ Iron Metallic \/ Gold Metallic  N\u00famero de art\u00edculo: IF1373                                                                                                                                                                                                                                                                                                                                                                                                                                                                                                                                                                                                                                                                                                                                                                                                                                                                                                                                                                                                                                        <\/p>\n","protected":false},"excerpt":{"rendered":"<p>BOTAS DE F\u00faTBOL F50 LEAGUE MOQUETA<\/p>\n","protected":false},"featured_media":55694,"template":"","meta":[],"product_brand":[],"product_cat":[318],"product_tag":[18],"class_list":{"0":"post-42149","1":"product","2":"type-product","3":"status-publish","4":"has-post-thumbnail","6":"product_cat-deportes_futbol_botas","7":"product_tag-adidas","8":"pa_color-unico","9":"pa_talla-35-5","10":"pa_talla-145","11":"pa_talla-38-5","12":"thunk-woo-product-list","13":"opn-qv-enable","14":"open-woo-hover-","15":"open-single-product-tab-horizontal","16":"open-shadow-","17":"open-shadow-hover-","19":"first","20":"instock","21":"sale","22":"shipping-taxable","23":"purchasable","24":"product-type-variable"},"jetpack_sharing_enabled":true,"_links":{"self":[{"href":"https:\/\/www.deporteseli.com\/index.php?rest_route=\/wp\/v2\/product\/42149","targetHints":{"allow":["GET"]}}],"collection":[{"href":"https:\/\/www.deporteseli.com\/index.php?rest_route=\/wp\/v2\/product"}],"about":[{"href":"https:\/\/www.deporteseli.com\/index.php?rest_route=\/wp\/v2\/types\/product"}],"wp:featuredmedia":[{"embeddable":true,"href":"https:\/\/www.deporteseli.com\/index.php?rest_route=\/wp\/v2\/media\/55694"}],"wp:attachment":[{"href":"https:\/\/www.deporteseli.com\/index.php?rest_route=%2Fwp%2Fv2%2Fmedia&parent=42149"}],"wp:term":[{"taxonomy":"product_brand","embeddable":true,"href":"https:\/\/www.deporteseli.com\/index.php?rest_route=%2Fwp%2Fv2%2Fproduct_brand&post=42149"},{"taxonomy":"product_cat","embeddable":true,"href":"https:\/\/www.deporteseli.com\/index.php?rest_route=%2Fwp%2Fv2%2Fproduct_cat&post=42149"},{"taxonomy":"product_tag","embeddable":true,"href":"https:\/\/www.deporteseli.com\/index.php?rest_route=%2Fwp%2Fv2%2Fproduct_tag&post=42149"}],"curies":[{"name":"wp","href":"https:\/\/api.w.org\/{rel}","templated":true}]}}