{"id":42128,"date":"2026-01-27T19:34:05","date_gmt":"2026-01-27T19:34:05","guid":{"rendered":"https:\/\/www.deporteseli.com\/?product=bota-de-futbol-f50-club-cesped-artificial"},"modified":"2026-02-16T07:50:04","modified_gmt":"2026-02-16T07:50:04","slug":"bota-de-futbol-f50-club-cesped-artificial","status":"publish","type":"product","link":"https:\/\/www.deporteseli.com\/?product=bota-de-futbol-f50-club-cesped-artificial","title":{"rendered":"BOTA DE F\u00faTBOL F50 CLUB CESPED ARTIFICIAL"},"content":{"rendered":"<p>DEJA ATR\u00c1S A TUS RIVALES  Desata tu velocidad con la adidas F50. Dise\u00f1ada para desplegar tu m\u00e1xima aceleraci\u00f3n, agilidad y explosividad en el campo. Esta zapatilla de f\u00fatbol adidas Club para j\u00f3venes promesas presenta un empeine de material sint\u00e9tico texturizado y una leng\u00fceta perforada que te ofrecen una comodidad extraordinaria. La suela de goma estriada te ayuda a exhibir tu juego m\u00e1s vertiginoso en campos de moqueta.  Horma cl\u00e1sica  Cierre de cordones  Empeine de material sint\u00e9tico texturizado  Forro textil  Leng\u00fceta perforada transpirable  Suela de goma para campos de moqueta  Color del art\u00edculo: Core Black \/ Iron Metallic \/ Gold Metallic  N\u00famero de art\u00edculo: IF1389                                                                                                                                                                                                                                                                                                                                                                                                                                                                                                                                                                                                                                                                                                                                                                                                                                                                                                                                                                                                                                        <\/p>\n","protected":false},"excerpt":{"rendered":"<p>BOTA DE F\u00faTBOL F50 CLUB CESPED ARTIFICIAL<\/p>\n","protected":false},"featured_media":55681,"template":"","meta":[],"product_brand":[],"product_cat":[318],"product_tag":[18],"class_list":{"0":"post-42128","1":"product","2":"type-product","3":"status-publish","4":"has-post-thumbnail","6":"product_cat-deportes_futbol_botas","7":"product_tag-adidas","8":"pa_color-unico","9":"pa_talla-125","10":"pa_talla-129","11":"pa_talla-36-5","12":"pa_talla-37-5","13":"pa_talla-145","14":"pa_talla-38-5","15":"thunk-woo-product-list","16":"opn-qv-enable","17":"open-woo-hover-","18":"open-single-product-tab-horizontal","19":"open-shadow-","20":"open-shadow-hover-","22":"first","23":"instock","24":"sale","25":"shipping-taxable","26":"purchasable","27":"product-type-variable"},"jetpack_sharing_enabled":true,"_links":{"self":[{"href":"https:\/\/www.deporteseli.com\/index.php?rest_route=\/wp\/v2\/product\/42128","targetHints":{"allow":["GET"]}}],"collection":[{"href":"https:\/\/www.deporteseli.com\/index.php?rest_route=\/wp\/v2\/product"}],"about":[{"href":"https:\/\/www.deporteseli.com\/index.php?rest_route=\/wp\/v2\/types\/product"}],"wp:featuredmedia":[{"embeddable":true,"href":"https:\/\/www.deporteseli.com\/index.php?rest_route=\/wp\/v2\/media\/55681"}],"wp:attachment":[{"href":"https:\/\/www.deporteseli.com\/index.php?rest_route=%2Fwp%2Fv2%2Fmedia&parent=42128"}],"wp:term":[{"taxonomy":"product_brand","embeddable":true,"href":"https:\/\/www.deporteseli.com\/index.php?rest_route=%2Fwp%2Fv2%2Fproduct_brand&post=42128"},{"taxonomy":"product_cat","embeddable":true,"href":"https:\/\/www.deporteseli.com\/index.php?rest_route=%2Fwp%2Fv2%2Fproduct_cat&post=42128"},{"taxonomy":"product_tag","embeddable":true,"href":"https:\/\/www.deporteseli.com\/index.php?rest_route=%2Fwp%2Fv2%2Fproduct_tag&post=42128"}],"curies":[{"name":"wp","href":"https:\/\/api.w.org\/{rel}","templated":true}]}}