{"id":42126,"date":"2026-01-27T19:34:00","date_gmt":"2026-01-27T19:34:00","guid":{"rendered":"https:\/\/www.deporteseli.com\/?product=balon-joma-hybrid-sala-victory-58-cm"},"modified":"2026-01-27T19:34:03","modified_gmt":"2026-01-27T19:34:03","slug":"balon-joma-hybrid-sala-victory-58-cm","status":"publish","type":"product","link":"https:\/\/www.deporteseli.com\/?product=balon-joma-hybrid-sala-victory-58-cm","title":{"rendered":"BAL\u00f3N JOMA HYBRID SALA VICTORY 58 CM"},"content":{"rendered":"<p>Dise\u00f1o en color blanco que se combina con unos gr\u00e1ficos en color naranja, negro y plata.  Juntas del bal\u00f3n cosidas a m\u00e1quina que garantizan una buen resistencia a la abrasi\u00f3n y a la rotura de este.   La cubierta, fabricada en poliuretano, mejora la durabilidad el bal\u00f3n.                                                                                                                                                                                                                                                                                                                                                                                                                                                                                                                                                                                                                                                                                                                                                                                                                                                                                                                                                                                                                                        <\/p>\n","protected":false},"excerpt":{"rendered":"<p>BAL\u00f3N JOMA HYBRID SALA VICTORY 58 CM<\/p>\n","protected":false},"featured_media":55679,"template":"","meta":[],"product_brand":[],"product_cat":[347],"product_tag":[31],"class_list":{"0":"post-42126","1":"product","2":"type-product","3":"status-publish","4":"has-post-thumbnail","6":"product_cat-deportes_balones","7":"product_tag-joma","8":"pa_color-naranja","9":"pa_talla-168","10":"thunk-woo-product-list","11":"opn-qv-enable","12":"open-woo-hover-","13":"open-single-product-tab-horizontal","14":"open-shadow-","15":"open-shadow-hover-","17":"first","18":"instock","19":"shipping-taxable","20":"purchasable","21":"product-type-variable"},"jetpack_sharing_enabled":true,"_links":{"self":[{"href":"https:\/\/www.deporteseli.com\/index.php?rest_route=\/wp\/v2\/product\/42126","targetHints":{"allow":["GET"]}}],"collection":[{"href":"https:\/\/www.deporteseli.com\/index.php?rest_route=\/wp\/v2\/product"}],"about":[{"href":"https:\/\/www.deporteseli.com\/index.php?rest_route=\/wp\/v2\/types\/product"}],"wp:featuredmedia":[{"embeddable":true,"href":"https:\/\/www.deporteseli.com\/index.php?rest_route=\/wp\/v2\/media\/55679"}],"wp:attachment":[{"href":"https:\/\/www.deporteseli.com\/index.php?rest_route=%2Fwp%2Fv2%2Fmedia&parent=42126"}],"wp:term":[{"taxonomy":"product_brand","embeddable":true,"href":"https:\/\/www.deporteseli.com\/index.php?rest_route=%2Fwp%2Fv2%2Fproduct_brand&post=42126"},{"taxonomy":"product_cat","embeddable":true,"href":"https:\/\/www.deporteseli.com\/index.php?rest_route=%2Fwp%2Fv2%2Fproduct_cat&post=42126"},{"taxonomy":"product_tag","embeddable":true,"href":"https:\/\/www.deporteseli.com\/index.php?rest_route=%2Fwp%2Fv2%2Fproduct_tag&post=42126"}],"curies":[{"name":"wp","href":"https:\/\/api.w.org\/{rel}","templated":true}]}}