{"id":42113,"date":"2026-01-27T19:33:30","date_gmt":"2026-01-27T19:33:30","guid":{"rendered":"https:\/\/www.deporteseli.com\/?product=chandal-puma-684240"},"modified":"2026-03-07T05:57:02","modified_gmt":"2026-03-07T05:57:02","slug":"chandal-puma-684240","status":"publish","type":"product","link":"https:\/\/www.deporteseli.com\/?product=chandal-puma-684240","title":{"rendered":"CHANDAL PUMA 684240"},"content":{"rendered":"<p>Descripci\u00f3n  El ch\u00e1ndal Puma Hooded Sweat Suit Fleece Cl para ni\u00f1as en rosa y negro es perfecto para combinar estilo y comodidad. Con chaqueta de manga larga, capucha integrada y pantal\u00f3n largo con cintura el\u00e1stica. Fabricado con un tejido suave y pu\u00f1os acanalados para un ajuste perfecto. Ideal para actividades deportivas o para lucir un look casual. Disponible en Ciruela claro\/Negro.  Hazte con \u00e9l y destaca con este outfit deportivo de moda!    Caracter\u00edsticas  Chaqueta manga larga  Corte holgado  Capucha integrada  Tejido suave  Pu\u00f1os acanalados  Cierre de cremallera  Pantal\u00f3n largo  Cintura el\u00e1stica  Tejido suave  Color del producto: Ciruela claro\/Negro    Detalles  Tipo                                                                                                                                                                                                                                                                                                                                                                                                                                                                                                                                                                                                                                                                                                                                                                                                                                                                                                                                                                                                                                        <\/p>\n","protected":false},"excerpt":{"rendered":"<p>CHANDAL PUMA 684240<\/p>\n","protected":false},"featured_media":55675,"template":"","meta":[],"product_brand":[],"product_cat":[380],"product_tag":[32],"class_list":{"0":"post-42113","1":"product","2":"type-product","3":"status-publish","4":"has-post-thumbnail","6":"product_cat-ninas_textil_chandals","7":"product_tag-puma","8":"pa_color-rosa","9":"pa_talla-t-10","10":"pa_talla-t-12","11":"pa_talla-t-14","12":"pa_talla-t-16","13":"thunk-woo-product-list","14":"opn-qv-enable","15":"open-woo-hover-","16":"open-single-product-tab-horizontal","17":"open-shadow-","18":"open-shadow-hover-","20":"first","21":"instock","22":"shipping-taxable","23":"purchasable","24":"product-type-variable"},"jetpack_sharing_enabled":true,"_links":{"self":[{"href":"https:\/\/www.deporteseli.com\/index.php?rest_route=\/wp\/v2\/product\/42113","targetHints":{"allow":["GET"]}}],"collection":[{"href":"https:\/\/www.deporteseli.com\/index.php?rest_route=\/wp\/v2\/product"}],"about":[{"href":"https:\/\/www.deporteseli.com\/index.php?rest_route=\/wp\/v2\/types\/product"}],"wp:featuredmedia":[{"embeddable":true,"href":"https:\/\/www.deporteseli.com\/index.php?rest_route=\/wp\/v2\/media\/55675"}],"wp:attachment":[{"href":"https:\/\/www.deporteseli.com\/index.php?rest_route=%2Fwp%2Fv2%2Fmedia&parent=42113"}],"wp:term":[{"taxonomy":"product_brand","embeddable":true,"href":"https:\/\/www.deporteseli.com\/index.php?rest_route=%2Fwp%2Fv2%2Fproduct_brand&post=42113"},{"taxonomy":"product_cat","embeddable":true,"href":"https:\/\/www.deporteseli.com\/index.php?rest_route=%2Fwp%2Fv2%2Fproduct_cat&post=42113"},{"taxonomy":"product_tag","embeddable":true,"href":"https:\/\/www.deporteseli.com\/index.php?rest_route=%2Fwp%2Fv2%2Fproduct_tag&post=42113"}],"curies":[{"name":"wp","href":"https:\/\/api.w.org\/{rel}","templated":true}]}}