{"id":42105,"date":"2026-01-27T19:33:14","date_gmt":"2026-01-27T19:33:14","guid":{"rendered":"https:\/\/www.deporteseli.com\/?product=tenis-joma-play-jr-2101-negro"},"modified":"2026-01-27T19:33:16","modified_gmt":"2026-01-27T19:33:16","slug":"tenis-joma-play-jr-2101-negro","status":"publish","type":"product","link":"https:\/\/www.deporteseli.com\/?product=tenis-joma-play-jr-2101-negro","title":{"rendered":"TENIS JOMA PLAY JR 2101 NEGRO"},"content":{"rendered":"<p>Zapatillas Joma W.Play 2101 Jr WPLAYW2101V &#8211; Comodidad y estilo para j\u00f3venes activos    Los padres que buscan calzado c\u00f3modo, funcional y elegante para su hijo definitivamente estar\u00e1n interesados ??en las zapatillas Joma W.Play 2101 Jr WPLAYW2101V en color negro universal. Ofrecidos por la reconocida marca Joma, estos zapatos deportivos bajos est\u00e1n destinados a ni\u00f1os que valoran la libertad de movimiento y un estilo de vida activo.    Propiedades del calzado:    &#8211; Los zapatos infantiles de moda de Joma fueron creados para las actividades cotidianas, tanto en la escuela, en el patio como durante diversas actividades deportivas.    &#8211; El modelo bajo con cierre de velcro garantiza una f\u00e1cil colocaci\u00f3n y extracci\u00f3n por parte del ni\u00f1o, garantizando al mismo tiempo un ajuste estable al pie.    &#8211; La plantilla de cuero ofrece comodidad y condiciones higi\u00e9nicas para el pie en desarrollo del ni\u00f1o.    &#8211; El forro textil aumenta adicionalmente la comodidad de uso, asegurando suavidad y transpirabilidad.    &#8211; La suela de goma flexible es duradera y resistente a la abrasi\u00f3n, y proporciona la tracci\u00f3n necesaria durante el movimiento.    &#8211; Discreto logo del fabricante Joma situado en el lateral del zapato, aportando car\u00e1cter y prestigio al mismo.    Materiales:    &#8211; La parte superior de cuero sint\u00e9tico de alta calidad es duradera y f\u00e1cil de limpiar.    &#8211; El forro interior de piel a\u00f1ade una sensaci\u00f3n exclusiva al llevarlo puesto.                                                                                                                                                                                                                                                                                                                                                                                                                                                                                                                                                                                                                                                                                                                                                                                                                                                                                                                                                                                                                                        <\/p>\n","protected":false},"excerpt":{"rendered":"<p>TENIS JOMA PLAY JR 2101 NEGRO<\/p>\n","protected":false},"featured_media":55663,"template":"","meta":[],"product_brand":[],"product_cat":[261],"product_tag":[31],"class_list":{"0":"post-42105","1":"product","2":"type-product","3":"status-publish","4":"has-post-thumbnail","6":"product_cat-hombre_calzado_casual","7":"product_tag-joma","8":"pa_color-negro","9":"pa_talla-127","10":"thunk-woo-product-list","11":"opn-qv-enable","12":"open-woo-hover-","13":"open-single-product-tab-horizontal","14":"open-shadow-","15":"open-shadow-hover-","17":"first","18":"instock","19":"shipping-taxable","20":"purchasable","21":"product-type-variable"},"jetpack_sharing_enabled":true,"_links":{"self":[{"href":"https:\/\/www.deporteseli.com\/index.php?rest_route=\/wp\/v2\/product\/42105","targetHints":{"allow":["GET"]}}],"collection":[{"href":"https:\/\/www.deporteseli.com\/index.php?rest_route=\/wp\/v2\/product"}],"about":[{"href":"https:\/\/www.deporteseli.com\/index.php?rest_route=\/wp\/v2\/types\/product"}],"wp:featuredmedia":[{"embeddable":true,"href":"https:\/\/www.deporteseli.com\/index.php?rest_route=\/wp\/v2\/media\/55663"}],"wp:attachment":[{"href":"https:\/\/www.deporteseli.com\/index.php?rest_route=%2Fwp%2Fv2%2Fmedia&parent=42105"}],"wp:term":[{"taxonomy":"product_brand","embeddable":true,"href":"https:\/\/www.deporteseli.com\/index.php?rest_route=%2Fwp%2Fv2%2Fproduct_brand&post=42105"},{"taxonomy":"product_cat","embeddable":true,"href":"https:\/\/www.deporteseli.com\/index.php?rest_route=%2Fwp%2Fv2%2Fproduct_cat&post=42105"},{"taxonomy":"product_tag","embeddable":true,"href":"https:\/\/www.deporteseli.com\/index.php?rest_route=%2Fwp%2Fv2%2Fproduct_tag&post=42105"}],"curies":[{"name":"wp","href":"https:\/\/api.w.org\/{rel}","templated":true}]}}