{"id":42100,"date":"2026-01-27T19:33:06","date_gmt":"2026-01-27T19:33:06","guid":{"rendered":"https:\/\/www.deporteseli.com\/?product=botas-joma-supercopa-2401-negro"},"modified":"2026-04-18T04:18:13","modified_gmt":"2026-04-18T04:18:13","slug":"botas-joma-supercopa-2401-negro","status":"publish","type":"product","link":"https:\/\/www.deporteseli.com\/?product=botas-joma-supercopa-2401-negro","title":{"rendered":"BOTAS JOMA SUPERCOPA 2401 NEGRO"},"content":{"rendered":"<p>Descripci\u00f3n  Las Botas de f\u00fatbol Joma Supercopa 2401 son ideales para aquellos jugadores que buscan comodidad y rendimiento en el campo. Fabricadas con piel sint\u00e9tica resistente y ligera, brindan durabilidad y confort. La tecnolog\u00eda ONE PIECE sin costuras junto con el cuello SOCK SYSTEM aseguran un ajuste perfecto. El contrafuerte EXO COUNTER proporciona un soporte adicional en los movimientos bruscos. La suela de fibra sint\u00e9tica ofrece resistencia al desgaste y agarre \u00f3ptimo en terrenos artificiales. Con una estructura de tacos dise\u00f1ada para distribuir el peso y mejorar la tracci\u00f3n.  Consigue la combinaci\u00f3n perfecta de calidad y rendimiento con las botas Joma Supercopa 2401!    Caracter\u00edsticas  Upper fabricado con piel sint\u00e9tica, un material ligero y resistente a la abrasi\u00f3n para alargar la durabilidad de las botas.  La construcci\u00f3n se ha llevado a cabo empleando la tecnolog\u00eda ONE PIECE sin costuras con cuello SOCK SYSTEM.  Contrafuerte EXO COUNTER trasero. Da un soporte extra en los cambios de direcci\u00f3n, haciendo las botas m\u00e1s firmes.  La suela es de fibra sint\u00e9tica, con buena resistencia al desgaste por abrasi\u00f3n. Adaptada a este tipo de terrenos para controlar mejor los movimientos. Cuenta con estructura de tacos a\u00f1adidos para distribuir mejor el peso y facilitar el agarre                                                                                                                                                                                                                                                                                                                                                                                                                                                                                                                                                                                                                                                                                                                                                                                                                                                                                                                                                                                                                                        <\/p>\n","protected":false},"excerpt":{"rendered":"<p>BOTAS JOMA SUPERCOPA 2401 NEGRO<\/p>\n","protected":false},"featured_media":55662,"template":"","meta":[],"product_brand":[],"product_cat":[318],"product_tag":[32],"class_list":{"0":"post-42100","1":"product","2":"type-product","3":"status-publish","4":"has-post-thumbnail","6":"product_cat-deportes_futbol_botas","7":"product_tag-puma","8":"pa_color-negro","9":"pa_talla-151","10":"pa_talla-153","11":"pa_talla-159","12":"pa_talla-161","13":"thunk-woo-product-list","14":"opn-qv-enable","15":"open-woo-hover-","16":"open-single-product-tab-horizontal","17":"open-shadow-","18":"open-shadow-hover-","20":"first","21":"instock","22":"sale","23":"shipping-taxable","24":"purchasable","25":"product-type-variable"},"jetpack_sharing_enabled":true,"_links":{"self":[{"href":"https:\/\/www.deporteseli.com\/index.php?rest_route=\/wp\/v2\/product\/42100","targetHints":{"allow":["GET"]}}],"collection":[{"href":"https:\/\/www.deporteseli.com\/index.php?rest_route=\/wp\/v2\/product"}],"about":[{"href":"https:\/\/www.deporteseli.com\/index.php?rest_route=\/wp\/v2\/types\/product"}],"wp:featuredmedia":[{"embeddable":true,"href":"https:\/\/www.deporteseli.com\/index.php?rest_route=\/wp\/v2\/media\/55662"}],"wp:attachment":[{"href":"https:\/\/www.deporteseli.com\/index.php?rest_route=%2Fwp%2Fv2%2Fmedia&parent=42100"}],"wp:term":[{"taxonomy":"product_brand","embeddable":true,"href":"https:\/\/www.deporteseli.com\/index.php?rest_route=%2Fwp%2Fv2%2Fproduct_brand&post=42100"},{"taxonomy":"product_cat","embeddable":true,"href":"https:\/\/www.deporteseli.com\/index.php?rest_route=%2Fwp%2Fv2%2Fproduct_cat&post=42100"},{"taxonomy":"product_tag","embeddable":true,"href":"https:\/\/www.deporteseli.com\/index.php?rest_route=%2Fwp%2Fv2%2Fproduct_tag&post=42100"}],"curies":[{"name":"wp","href":"https:\/\/api.w.org\/{rel}","templated":true}]}}