{"id":42094,"date":"2026-01-27T19:32:58","date_gmt":"2026-01-27T19:32:58","guid":{"rendered":"https:\/\/www.deporteseli.com\/?product=zapatillas-joma-daily"},"modified":"2026-01-27T19:33:00","modified_gmt":"2026-01-27T19:33:00","slug":"zapatillas-joma-daily","status":"publish","type":"product","link":"https:\/\/www.deporteseli.com\/?product=zapatillas-joma-daily","title":{"rendered":"ZAPATILLAS JOMA DAILY"},"content":{"rendered":"<p>  Zapatillas casual de hombre. Este modelo de zapatillas de uso diario est\u00e1 pensado para alcanzar un nuevo nivel de sujeci\u00f3n, resistencia y comodidad. Todo esto mientras llevas unas zapatillas casual elegantes, ideales para los looks informales o para ir al trabajo c\u00f3modo.    El corte est\u00e1 fabricado en material sint\u00e9tico resistente, imitando a la piel.    La mediasuela de phylon amortigua la pisada y se adapta a ella para mayor confort.    La suela es de caucho DURABILITY, con alta resistencia al desgaste y durabilidad. Incluye la tecnolog\u00eda SLIP-RESISTANT, que incorpora materiales que evitan deslizamientos, aportando as\u00ed mayor seguridad                                                                                                                                                                                                                                                                                                                                                                                                                                                                                                                                                                                                                                                                                                                                                                                                                                                                                                                                                                                                                                        <\/p>\n","protected":false},"excerpt":{"rendered":"<p>ZAPATILLAS JOMA DAILY<\/p>\n","protected":false},"featured_media":55653,"template":"","meta":[],"product_brand":[],"product_cat":[261],"product_tag":[31],"class_list":{"0":"post-42094","1":"product","2":"type-product","3":"status-publish","4":"has-post-thumbnail","6":"product_cat-hombre_calzado_casual","7":"product_tag-joma","8":"pa_color-negro","9":"pa_talla-155","10":"thunk-woo-product-list","11":"opn-qv-enable","12":"open-woo-hover-","13":"open-single-product-tab-horizontal","14":"open-shadow-","15":"open-shadow-hover-","17":"first","18":"instock","19":"shipping-taxable","20":"purchasable","21":"product-type-variable"},"jetpack_sharing_enabled":true,"_links":{"self":[{"href":"https:\/\/www.deporteseli.com\/index.php?rest_route=\/wp\/v2\/product\/42094","targetHints":{"allow":["GET"]}}],"collection":[{"href":"https:\/\/www.deporteseli.com\/index.php?rest_route=\/wp\/v2\/product"}],"about":[{"href":"https:\/\/www.deporteseli.com\/index.php?rest_route=\/wp\/v2\/types\/product"}],"wp:featuredmedia":[{"embeddable":true,"href":"https:\/\/www.deporteseli.com\/index.php?rest_route=\/wp\/v2\/media\/55653"}],"wp:attachment":[{"href":"https:\/\/www.deporteseli.com\/index.php?rest_route=%2Fwp%2Fv2%2Fmedia&parent=42094"}],"wp:term":[{"taxonomy":"product_brand","embeddable":true,"href":"https:\/\/www.deporteseli.com\/index.php?rest_route=%2Fwp%2Fv2%2Fproduct_brand&post=42094"},{"taxonomy":"product_cat","embeddable":true,"href":"https:\/\/www.deporteseli.com\/index.php?rest_route=%2Fwp%2Fv2%2Fproduct_cat&post=42094"},{"taxonomy":"product_tag","embeddable":true,"href":"https:\/\/www.deporteseli.com\/index.php?rest_route=%2Fwp%2Fv2%2Fproduct_tag&post=42094"}],"curies":[{"name":"wp","href":"https:\/\/api.w.org\/{rel}","templated":true}]}}