{"id":42085,"date":"2026-01-27T19:32:42","date_gmt":"2026-01-27T19:32:42","guid":{"rendered":"https:\/\/www.deporteseli.com\/?product=sudadera-puma-587031"},"modified":"2026-03-07T05:56:52","modified_gmt":"2026-03-07T05:56:52","slug":"sudadera-puma-587031","status":"publish","type":"product","link":"https:\/\/www.deporteseli.com\/?product=sudadera-puma-587031","title":{"rendered":"SUDADERA PUMA 587031"},"content":{"rendered":"<p>Descripci\u00f3n  Descubre la comodidad y el estilo con la Sudadera Casual Puma Ess Logo Fl para ni\u00f1as. Con un corte holgado y capucha, esta sudadera de manga larga te mantendr\u00e1 abrigada y a la moda. Fabricada con un tejido suave y con pu\u00f1os de canal\u00e9, es perfecta para combinar con tus outfits diarios. Adem\u00e1s, cuenta con un pr\u00e1ctico bolsillo de canguro y est\u00e1 disponible en un hermoso color uva.  Hazte con la tuya y destaca con este dise\u00f1o de \u00faltima tendencia de Puma!    Caracter\u00edsticas  Sudadera manga larga  Corte holgado  Capucha  Pu\u00f1os de canal\u00e9  Tejido suave  Bolsillo de canguro  Color del producto: Rosa                                                                                                                                                                                                                                                                                                                                                                                                                                                                                                                                                                                                                                                                                                                                                                                                                                                                                                                                                                                                                                        <\/p>\n","protected":false},"excerpt":{"rendered":"<p>SUDADERA PUMA 587031<\/p>\n","protected":false},"featured_media":55648,"template":"","meta":[],"product_brand":[],"product_cat":[384],"product_tag":[32],"class_list":{"0":"post-42085","1":"product","2":"type-product","3":"status-publish","4":"has-post-thumbnail","6":"product_cat-ninas_textil_sudaderas","7":"product_tag-puma","8":"pa_color-rosa","9":"pa_talla-t-10","10":"pa_talla-t-12","11":"pa_talla-t-14","12":"thunk-woo-product-list","13":"opn-qv-enable","14":"open-woo-hover-","15":"open-single-product-tab-horizontal","16":"open-shadow-","17":"open-shadow-hover-","19":"first","20":"instock","21":"shipping-taxable","22":"purchasable","23":"product-type-variable"},"jetpack_sharing_enabled":true,"_links":{"self":[{"href":"https:\/\/www.deporteseli.com\/index.php?rest_route=\/wp\/v2\/product\/42085","targetHints":{"allow":["GET"]}}],"collection":[{"href":"https:\/\/www.deporteseli.com\/index.php?rest_route=\/wp\/v2\/product"}],"about":[{"href":"https:\/\/www.deporteseli.com\/index.php?rest_route=\/wp\/v2\/types\/product"}],"wp:featuredmedia":[{"embeddable":true,"href":"https:\/\/www.deporteseli.com\/index.php?rest_route=\/wp\/v2\/media\/55648"}],"wp:attachment":[{"href":"https:\/\/www.deporteseli.com\/index.php?rest_route=%2Fwp%2Fv2%2Fmedia&parent=42085"}],"wp:term":[{"taxonomy":"product_brand","embeddable":true,"href":"https:\/\/www.deporteseli.com\/index.php?rest_route=%2Fwp%2Fv2%2Fproduct_brand&post=42085"},{"taxonomy":"product_cat","embeddable":true,"href":"https:\/\/www.deporteseli.com\/index.php?rest_route=%2Fwp%2Fv2%2Fproduct_cat&post=42085"},{"taxonomy":"product_tag","embeddable":true,"href":"https:\/\/www.deporteseli.com\/index.php?rest_route=%2Fwp%2Fv2%2Fproduct_tag&post=42085"}],"curies":[{"name":"wp","href":"https:\/\/api.w.org\/{rel}","templated":true}]}}