{"id":42078,"date":"2026-01-27T19:32:27","date_gmt":"2026-01-27T19:32:27","guid":{"rendered":"https:\/\/www.deporteseli.com\/?product=guantes-ultra-match-protect-rc"},"modified":"2026-01-27T19:32:31","modified_gmt":"2026-01-27T19:32:31","slug":"guantes-ultra-match-protect-rc","status":"publish","type":"product","link":"https:\/\/www.deporteseli.com\/?product=guantes-ultra-match-protect-rc","title":{"rendered":"GUANTES ULTRA MATCH PROTECT RC"},"content":{"rendered":"<p>Guantes Puma Ultra Match Protect RC    Eres la \u00faltima l\u00ednea de defensa. S\u00f3lo t\u00fa te encuentras entre la victoria y la derrota. Con la colecci\u00f3n PUMA ULTRA PROTECT, proteges lo m\u00e1s importante: tus lentes y tus manos. Estos guantes tienen una palma de l\u00e1tex multiagarre de 3 mm para un buen agarre y durabilidad, una mu\u00f1equera de l\u00e1tex para mayor agarre y una s\u00f3lida protecci\u00f3n para cuatro dedos de PUMA.                                                                                                                                                                                                                                                                                                                                                                                                                                                                                                                                                                                                                                                                                                                                                                                                                                                                                                                                                                                                                                        <\/p>\n","protected":false},"excerpt":{"rendered":"<p>GUANTES ULTRA MATCH PROTECT RC<\/p>\n","protected":false},"featured_media":55643,"template":"","meta":[],"product_brand":[],"product_cat":[322],"product_tag":[32],"class_list":{"0":"post-42078","1":"product","2":"type-product","3":"status-publish","4":"has-post-thumbnail","6":"product_cat-deportes_futbol_guantes_portero","7":"product_tag-puma","8":"pa_color-unico","9":"pa_talla-t-8","10":"pa_talla-t-9","11":"thunk-woo-product-list","12":"opn-qv-enable","13":"open-woo-hover-","14":"open-single-product-tab-horizontal","15":"open-shadow-","16":"open-shadow-hover-","18":"first","19":"instock","20":"shipping-taxable","21":"purchasable","22":"product-type-variable"},"jetpack_sharing_enabled":true,"_links":{"self":[{"href":"https:\/\/www.deporteseli.com\/index.php?rest_route=\/wp\/v2\/product\/42078","targetHints":{"allow":["GET"]}}],"collection":[{"href":"https:\/\/www.deporteseli.com\/index.php?rest_route=\/wp\/v2\/product"}],"about":[{"href":"https:\/\/www.deporteseli.com\/index.php?rest_route=\/wp\/v2\/types\/product"}],"wp:featuredmedia":[{"embeddable":true,"href":"https:\/\/www.deporteseli.com\/index.php?rest_route=\/wp\/v2\/media\/55643"}],"wp:attachment":[{"href":"https:\/\/www.deporteseli.com\/index.php?rest_route=%2Fwp%2Fv2%2Fmedia&parent=42078"}],"wp:term":[{"taxonomy":"product_brand","embeddable":true,"href":"https:\/\/www.deporteseli.com\/index.php?rest_route=%2Fwp%2Fv2%2Fproduct_brand&post=42078"},{"taxonomy":"product_cat","embeddable":true,"href":"https:\/\/www.deporteseli.com\/index.php?rest_route=%2Fwp%2Fv2%2Fproduct_cat&post=42078"},{"taxonomy":"product_tag","embeddable":true,"href":"https:\/\/www.deporteseli.com\/index.php?rest_route=%2Fwp%2Fv2%2Fproduct_tag&post=42078"}],"curies":[{"name":"wp","href":"https:\/\/api.w.org\/{rel}","templated":true}]}}