{"id":42069,"date":"2026-01-27T19:32:16","date_gmt":"2026-01-27T19:32:16","guid":{"rendered":"https:\/\/www.deporteseli.com\/?product=copa-gloro-st-turf-multitaco"},"modified":"2026-04-02T04:18:32","modified_gmt":"2026-04-02T04:18:32","slug":"copa-gloro-st-turf-multitaco","status":"publish","type":"product","link":"https:\/\/www.deporteseli.com\/?product=copa-gloro-st-turf-multitaco","title":{"rendered":"COPA GLORO ST TURF MULTITACO"},"content":{"rendered":"<p>Alcanza el m\u00e1ximo rendimiento en la cancha con las botas de f\u00fatbol unisex Copa Gloro de adidas. Estas botas de f\u00fatbol est\u00e1n dise\u00f1adas para resistir juegos de ritmo r\u00e1pido, con una parte superior sint\u00e9tica liviana para un toque de precisi\u00f3n y una suela exterior firme para terreno firme para mayor estabilidad. Toma el control del juego con estos confiables zapatos de f\u00fatbol.                                                                                                                                                                                                                                                                                                                                                                                                                                                                                                                                                                                                                                                                                                                                                                                                                                                                                                                                                                                                                                        <\/p>\n","protected":false},"excerpt":{"rendered":"<p>COPA GLORO ST TURF MULTITACO<\/p>\n","protected":false},"featured_media":55635,"template":"","meta":[],"product_brand":[],"product_cat":[318],"product_tag":[18],"class_list":{"0":"post-42069","1":"product","2":"type-product","3":"status-publish","4":"has-post-thumbnail","6":"product_cat-deportes_futbol_botas","7":"product_tag-adidas","8":"pa_color-unico","9":"pa_talla-39-5","10":"pa_talla-149","11":"pa_talla-41-5","12":"pa_talla-42-5","13":"pa_talla-157","14":"thunk-woo-product-list","15":"opn-qv-enable","16":"open-woo-hover-","17":"open-single-product-tab-horizontal","18":"open-shadow-","19":"open-shadow-hover-","21":"first","22":"instock","23":"sale","24":"shipping-taxable","25":"purchasable","26":"product-type-variable"},"jetpack_sharing_enabled":true,"_links":{"self":[{"href":"https:\/\/www.deporteseli.com\/index.php?rest_route=\/wp\/v2\/product\/42069","targetHints":{"allow":["GET"]}}],"collection":[{"href":"https:\/\/www.deporteseli.com\/index.php?rest_route=\/wp\/v2\/product"}],"about":[{"href":"https:\/\/www.deporteseli.com\/index.php?rest_route=\/wp\/v2\/types\/product"}],"wp:featuredmedia":[{"embeddable":true,"href":"https:\/\/www.deporteseli.com\/index.php?rest_route=\/wp\/v2\/media\/55635"}],"wp:attachment":[{"href":"https:\/\/www.deporteseli.com\/index.php?rest_route=%2Fwp%2Fv2%2Fmedia&parent=42069"}],"wp:term":[{"taxonomy":"product_brand","embeddable":true,"href":"https:\/\/www.deporteseli.com\/index.php?rest_route=%2Fwp%2Fv2%2Fproduct_brand&post=42069"},{"taxonomy":"product_cat","embeddable":true,"href":"https:\/\/www.deporteseli.com\/index.php?rest_route=%2Fwp%2Fv2%2Fproduct_cat&post=42069"},{"taxonomy":"product_tag","embeddable":true,"href":"https:\/\/www.deporteseli.com\/index.php?rest_route=%2Fwp%2Fv2%2Fproduct_tag&post=42069"}],"curies":[{"name":"wp","href":"https:\/\/api.w.org\/{rel}","templated":true}]}}