{"id":42063,"date":"2026-01-27T19:32:05","date_gmt":"2026-01-27T19:32:05","guid":{"rendered":"https:\/\/www.deporteseli.com\/?product=wilson-blade-v3"},"modified":"2026-01-27T19:32:08","modified_gmt":"2026-01-27T19:32:08","slug":"wilson-blade-v3","status":"publish","type":"product","link":"https:\/\/www.deporteseli.com\/?product=wilson-blade-v3","title":{"rendered":"WILSON BLADE V3"},"content":{"rendered":"<p>Eleva tu juego al siguiente nivel con la pala de p\u00e1del Wilson Blade V3 2024, una obra maestra de ingenier\u00eda deportiva. Se distingue por su combinaci\u00f3n \u00fanica de carbono y fibra de vidrio tejida, proporcionando una mezcla perfecta de suavidad y potencia explosiva. Tambi\u00e9n incorpora una construcci\u00f3n tubular C2, lo que se traduce en una durabilidad excepcional y un control superior en cada golpe.    Su borde  anti-fragile edge  refuerza la parte superior, asegurando una mayor resistencia durante los juegos m\u00e1s agresivos. Adem\u00e1s, la espuma EVA de tacto firme produce tiros s\u00f3lidos y n\u00edtidos, permitiendo una desviaci\u00f3n r\u00e1pida de la pelota y un control excelente. Para acabar la textura Spin en la superficie mejora el agarre y proporciona una sensaci\u00f3n incre\u00edble en cada tiro.    Caracter\u00edsticas de la pala de p\u00e1del Wilson Blade V3 2024  Ofrece una sensaci\u00f3n m\u00e1s suave y una mayor potencia explosiva gracias a la combinaci\u00f3n. de carbono y fibra de vidrio.  Contrucci\u00f3n del tubular C2 que garantiza un grosor uniforme, resultando en una mayor durabilidad.  Refuerzo del marco que le confiere m\u00e1s resistencia frente golpes o choques.  Espuma eva foam de tacto firme para una respuesta m\u00e1s efectiva en control y precisi\u00f3n.  La superficie texturizada agarra la pelota al contacto, mejorando el efecto y proporcionando una excelente sensaci\u00f3n en cada tiro.  El nuevo patr\u00f3n de agujeros Due Grid con diferentes di\u00e1metros mejora su rendimiento.  Pertenece a la colecci\u00f3n de palas Wilson 2024.    Dirigida a jugadores de p\u00e1del de nivel intermedio a avanzado que buscan una pala vers\u00e1til que combine control y potencia. Es ideal para aquellos que desean maximizar su rendimiento en la pista, ofreciendo un equilibrio perfecto entre caracter\u00edsticas t\u00e9cnicas avanzadas y facilidad de uso                                                                                                                                                                                                                                                                                                                                                                                                                                                                                                                                                                                                                                                                                                                                                                                                                                                                                                                                                                                                                                        <\/p>\n","protected":false},"excerpt":{"rendered":"<p>WILSON BLADE V3<\/p>\n","protected":false},"featured_media":55625,"template":"","meta":[],"product_brand":[],"product_cat":[353],"product_tag":[57],"class_list":{"0":"post-42063","1":"product","2":"type-product","3":"status-publish","4":"has-post-thumbnail","6":"product_cat-padel_y_tenis_palas","7":"product_tag-wilson","8":"pa_color-unico","9":"pa_talla-unica","10":"thunk-woo-product-list","11":"opn-qv-enable","12":"open-woo-hover-","13":"open-single-product-tab-horizontal","14":"open-shadow-","15":"open-shadow-hover-","17":"first","18":"instock","19":"sale","20":"shipping-taxable","21":"purchasable","22":"product-type-variable"},"jetpack_sharing_enabled":true,"_links":{"self":[{"href":"https:\/\/www.deporteseli.com\/index.php?rest_route=\/wp\/v2\/product\/42063","targetHints":{"allow":["GET"]}}],"collection":[{"href":"https:\/\/www.deporteseli.com\/index.php?rest_route=\/wp\/v2\/product"}],"about":[{"href":"https:\/\/www.deporteseli.com\/index.php?rest_route=\/wp\/v2\/types\/product"}],"wp:featuredmedia":[{"embeddable":true,"href":"https:\/\/www.deporteseli.com\/index.php?rest_route=\/wp\/v2\/media\/55625"}],"wp:attachment":[{"href":"https:\/\/www.deporteseli.com\/index.php?rest_route=%2Fwp%2Fv2%2Fmedia&parent=42063"}],"wp:term":[{"taxonomy":"product_brand","embeddable":true,"href":"https:\/\/www.deporteseli.com\/index.php?rest_route=%2Fwp%2Fv2%2Fproduct_brand&post=42063"},{"taxonomy":"product_cat","embeddable":true,"href":"https:\/\/www.deporteseli.com\/index.php?rest_route=%2Fwp%2Fv2%2Fproduct_cat&post=42063"},{"taxonomy":"product_tag","embeddable":true,"href":"https:\/\/www.deporteseli.com\/index.php?rest_route=%2Fwp%2Fv2%2Fproduct_tag&post=42063"}],"curies":[{"name":"wp","href":"https:\/\/api.w.org\/{rel}","templated":true}]}}