{"id":42060,"date":"2026-01-27T19:32:01","date_gmt":"2026-01-27T19:32:01","guid":{"rendered":"https:\/\/www.deporteseli.com\/?product=chandal-adidas-ix1096"},"modified":"2026-03-07T05:56:45","modified_gmt":"2026-03-07T05:56:45","slug":"chandal-adidas-ix1096","status":"publish","type":"product","link":"https:\/\/www.deporteseli.com\/?product=chandal-adidas-ix1096","title":{"rendered":"CHANDAL ADIDAS IX1096"},"content":{"rendered":"<p>DESCRIPCI\u00d3N DEL PRODUCTO  Un ch\u00e1ndal ajustado elaborado con una mezcla de materiales reciclados y renovables.    Todo el mundo necesita un ch\u00e1ndal con el que pueda contar en su vida cotidiana, mientras trabaja desde casa, las noches de fin de semana y todo lo dem\u00e1s. Este modelo de adidas tiene un corte entallado confeccionado en suave punto. Tiene todos los detalles que necesitas, como dobladillo y pu\u00f1os de canal\u00e9, cintura el\u00e1stica y cremallera completa para que puedas ponerte tu camiseta favorita debajo.     Al menos el 70% de este producto es una mezcla de materias primas recicladas y renovables.    Corte entallado y cintura media.  Cremallera completa y cuello alto acanalado  Maillot, 100% poli\u00e9ster reciclado  Bolsillos delanteros con cremallera en pantalones y sudadera.  Bajo y pu\u00f1os rematados con pu\u00f1os.  Patas c\u00f3nicas                                                                                                                                                                                                                                                                                                                                                                                                                                                                                                                                                                                                                                                                                                                                                                                                                                                                                                                                                                                                                                        <\/p>\n","protected":false},"excerpt":{"rendered":"<p>CHANDAL ADIDAS IX1096<\/p>\n","protected":false},"featured_media":55624,"template":"","meta":[],"product_brand":[],"product_cat":[273],"product_tag":[18],"class_list":{"0":"post-42060","1":"product","2":"type-product","3":"status-publish","4":"has-post-thumbnail","6":"product_cat-mujer_textil_chandals","7":"product_tag-adidas","8":"pa_color-unico","9":"pa_talla-m","10":"pa_talla-xs","11":"thunk-woo-product-list","12":"opn-qv-enable","13":"open-woo-hover-","14":"open-single-product-tab-horizontal","15":"open-shadow-","16":"open-shadow-hover-","18":"first","19":"instock","20":"shipping-taxable","21":"purchasable","22":"product-type-variable"},"jetpack_sharing_enabled":true,"_links":{"self":[{"href":"https:\/\/www.deporteseli.com\/index.php?rest_route=\/wp\/v2\/product\/42060","targetHints":{"allow":["GET"]}}],"collection":[{"href":"https:\/\/www.deporteseli.com\/index.php?rest_route=\/wp\/v2\/product"}],"about":[{"href":"https:\/\/www.deporteseli.com\/index.php?rest_route=\/wp\/v2\/types\/product"}],"wp:featuredmedia":[{"embeddable":true,"href":"https:\/\/www.deporteseli.com\/index.php?rest_route=\/wp\/v2\/media\/55624"}],"wp:attachment":[{"href":"https:\/\/www.deporteseli.com\/index.php?rest_route=%2Fwp%2Fv2%2Fmedia&parent=42060"}],"wp:term":[{"taxonomy":"product_brand","embeddable":true,"href":"https:\/\/www.deporteseli.com\/index.php?rest_route=%2Fwp%2Fv2%2Fproduct_brand&post=42060"},{"taxonomy":"product_cat","embeddable":true,"href":"https:\/\/www.deporteseli.com\/index.php?rest_route=%2Fwp%2Fv2%2Fproduct_cat&post=42060"},{"taxonomy":"product_tag","embeddable":true,"href":"https:\/\/www.deporteseli.com\/index.php?rest_route=%2Fwp%2Fv2%2Fproduct_tag&post=42060"}],"curies":[{"name":"wp","href":"https:\/\/api.w.org\/{rel}","templated":true}]}}