{"id":42048,"date":"2026-01-27T19:31:45","date_gmt":"2026-01-27T19:31:45","guid":{"rendered":"https:\/\/www.deporteseli.com\/?product=botas-de-cesped-artificial-para-club-f50-2"},"modified":"2026-04-15T04:17:29","modified_gmt":"2026-04-15T04:17:29","slug":"botas-de-cesped-artificial-para-club-f50-2","status":"publish","type":"product","link":"https:\/\/www.deporteseli.com\/?product=botas-de-cesped-artificial-para-club-f50-2","title":{"rendered":"BOTAS DE C\u00e9SPED ARTIFICIAL PARA CLUB F50"},"content":{"rendered":"<p>BOTAS DE C\u00c9SPED F50 CLUB  BOTAS DE VELOCIDAD CON EL NOMBRE QUE INICI\u00d3 LA CARRERA, FABRICADAS EN PARTE CON MATERIALES RECICLADOS.  Libera el ayuno con las adidas F50. Creado para desbloquear todo el potencial de tu aceleraci\u00f3n, movimiento y velocidad. Estas botas de f\u00fatbol adidas Club te mantienen c\u00f3modo con una parte superior de Fiberskin texturizada y una leng\u00fceta perforada. Debajo, una suela exterior de goma con tacos te permite mantenerte por delante de la competencia en canchas de c\u00e9sped artificial. Este producto contiene al menos un 20 % de materiales reciclados. Al reutilizar materiales que ya han sido creados, ayudamos a reducir el desperdicio y nuestra dependencia de recursos finitos y reducimos la huella de los productos que fabricamos.  Ajuste regular  Cierre de encaje  Parte superior de piel de fibra  Forro textil  Leng\u00fceta perforada transpirable  Suela de caucho para c\u00e9sped artificial  Contiene al menos un 20 % de contenido reciclado.                                                                                                                                                                                                                                                                                                                                                                                                                                                                                                                                                                                                                                                                                                                                                                                                                                                                                                                                                                                                                                        <\/p>\n","protected":false},"excerpt":{"rendered":"<p>BOTAS DE C\u00e9SPED ARTIFICIAL PARA CLUB F50<\/p>\n","protected":false},"featured_media":55614,"template":"","meta":[],"product_brand":[],"product_cat":[318],"product_tag":[18],"class_list":{"0":"post-42048","1":"product","2":"type-product","3":"status-publish","4":"has-post-thumbnail","6":"product_cat-deportes_futbol_botas","7":"product_tag-adidas","8":"pa_color-unico","9":"pa_talla-42-5","10":"pa_talla-161","11":"thunk-woo-product-list","12":"opn-qv-enable","13":"open-woo-hover-","14":"open-single-product-tab-horizontal","15":"open-shadow-","16":"open-shadow-hover-","18":"first","19":"instock","20":"sale","21":"shipping-taxable","22":"purchasable","23":"product-type-variable"},"jetpack_sharing_enabled":true,"_links":{"self":[{"href":"https:\/\/www.deporteseli.com\/index.php?rest_route=\/wp\/v2\/product\/42048","targetHints":{"allow":["GET"]}}],"collection":[{"href":"https:\/\/www.deporteseli.com\/index.php?rest_route=\/wp\/v2\/product"}],"about":[{"href":"https:\/\/www.deporteseli.com\/index.php?rest_route=\/wp\/v2\/types\/product"}],"wp:featuredmedia":[{"embeddable":true,"href":"https:\/\/www.deporteseli.com\/index.php?rest_route=\/wp\/v2\/media\/55614"}],"wp:attachment":[{"href":"https:\/\/www.deporteseli.com\/index.php?rest_route=%2Fwp%2Fv2%2Fmedia&parent=42048"}],"wp:term":[{"taxonomy":"product_brand","embeddable":true,"href":"https:\/\/www.deporteseli.com\/index.php?rest_route=%2Fwp%2Fv2%2Fproduct_brand&post=42048"},{"taxonomy":"product_cat","embeddable":true,"href":"https:\/\/www.deporteseli.com\/index.php?rest_route=%2Fwp%2Fv2%2Fproduct_cat&post=42048"},{"taxonomy":"product_tag","embeddable":true,"href":"https:\/\/www.deporteseli.com\/index.php?rest_route=%2Fwp%2Fv2%2Fproduct_tag&post=42048"}],"curies":[{"name":"wp","href":"https:\/\/api.w.org\/{rel}","templated":true}]}}