{"id":42041,"date":"2026-01-27T19:31:37","date_gmt":"2026-01-27T19:31:37","guid":{"rendered":"https:\/\/www.deporteseli.com\/?product=tenis-j-smith-ceten-2"},"modified":"2026-04-14T04:17:45","modified_gmt":"2026-04-14T04:17:45","slug":"tenis-j-smith-ceten-2","status":"publish","type":"product","link":"https:\/\/www.deporteseli.com\/?product=tenis-j-smith-ceten-2","title":{"rendered":"TENIS J.SMITH CETEN"},"content":{"rendered":"<p>Zapatilla cl\u00e1sica para el uso diario de nuestros peque\u00f1os.    La suela de goma, con su dise\u00f1o multiterreno, nos aporta la robustez y resistencia necesaria, mientras que la combinaci\u00f3n de materiales sint\u00e9ticos de alta densidad en el corte, da como resultado dicha resistencia.    El doble velcro permite que los m\u00e1s peque\u00f1os se pongan sus JOHN SMITH solos.    Por \u00faltimo, el toque final del calzado lo pone su plantilla, fabricada en piel, que proporciona a los peque\u00f1os unas condiciones \u00f3ptimas de transpiraci\u00f3n y antitranspiraci\u00f3n                                                                                                                                                                                                                                                                                                                                                                                                                                                                                                                                                                                                                                                                                                                                                                                                                                                                                                                                                                                                                                        <\/p>\n","protected":false},"excerpt":{"rendered":"<p>TENIS J.SMITH CETEN<\/p>\n","protected":false},"featured_media":55606,"template":"","meta":[],"product_brand":[],"product_cat":[287],"product_tag":[43],"class_list":{"0":"post-42041","1":"product","2":"type-product","3":"status-publish","4":"has-post-thumbnail","6":"product_cat-mujer_calzado_casual","7":"product_tag-jhon_smith","8":"pa_color-unico","9":"pa_talla-117","10":"pa_talla-119","11":"pa_talla-125","12":"pa_talla-131","13":"thunk-woo-product-list","14":"opn-qv-enable","15":"open-woo-hover-","16":"open-single-product-tab-horizontal","17":"open-shadow-","18":"open-shadow-hover-","20":"first","21":"instock","22":"sale","23":"shipping-taxable","24":"purchasable","25":"product-type-variable"},"jetpack_sharing_enabled":true,"_links":{"self":[{"href":"https:\/\/www.deporteseli.com\/index.php?rest_route=\/wp\/v2\/product\/42041","targetHints":{"allow":["GET"]}}],"collection":[{"href":"https:\/\/www.deporteseli.com\/index.php?rest_route=\/wp\/v2\/product"}],"about":[{"href":"https:\/\/www.deporteseli.com\/index.php?rest_route=\/wp\/v2\/types\/product"}],"wp:featuredmedia":[{"embeddable":true,"href":"https:\/\/www.deporteseli.com\/index.php?rest_route=\/wp\/v2\/media\/55606"}],"wp:attachment":[{"href":"https:\/\/www.deporteseli.com\/index.php?rest_route=%2Fwp%2Fv2%2Fmedia&parent=42041"}],"wp:term":[{"taxonomy":"product_brand","embeddable":true,"href":"https:\/\/www.deporteseli.com\/index.php?rest_route=%2Fwp%2Fv2%2Fproduct_brand&post=42041"},{"taxonomy":"product_cat","embeddable":true,"href":"https:\/\/www.deporteseli.com\/index.php?rest_route=%2Fwp%2Fv2%2Fproduct_cat&post=42041"},{"taxonomy":"product_tag","embeddable":true,"href":"https:\/\/www.deporteseli.com\/index.php?rest_route=%2Fwp%2Fv2%2Fproduct_tag&post=42041"}],"curies":[{"name":"wp","href":"https:\/\/api.w.org\/{rel}","templated":true}]}}