{"id":42037,"date":"2026-01-27T19:31:32","date_gmt":"2026-01-27T19:31:32","guid":{"rendered":"https:\/\/www.deporteseli.com\/?product=balon-nike-fb2894"},"modified":"2026-01-27T19:31:33","modified_gmt":"2026-01-27T19:31:33","slug":"balon-nike-fb2894","status":"publish","type":"product","link":"https:\/\/www.deporteseli.com\/?product=balon-nike-fb2894","title":{"rendered":"BALON NIKE FB2894"},"content":{"rendered":"<p>Con ranuras innovadoras que proporcionan un giro uniforme en el campo, el bal\u00f3n de f\u00fatbol Nike Academy est\u00e1 dise\u00f1ado para todo lo que te propongas. Independientemente del tiempo que haga y la hora que sea, el dise\u00f1o de estampado de alto contraste hace que sea m\u00e1s visible para mejorar tu juego de pies y tus pases.      Ventajas    La tecnolog\u00eda Nike Aerowsculpt emplea ranuras moldeadas que interrumpen la ventilaci\u00f3n sobre el bal\u00f3n para reducir el arrastre y ofrecer un vuelo m\u00e1s estable.  Cubierta texturizada que ofrece un toque uniforme al pasar, lanzar a puerta y regatear.  C\u00e1mara de aire de goma para mantener la presi\u00f3n del aire y la forma.    Detalles del producto    67 % goma\/10 % poliuretano (PU)\/13 % poli\u00e9ster \/10 % etilvinilacetato (EVA)  De importaci\u00f3n  Color mostrado: Blanco\/Sunset Pulse\/Negro  Modelo: FB2894-104                                                                                                                                                                                                                                                                                                                                                                                                                                                                                                                                                                                                                                                                                                                                                                                                                                                                                                                                                                                                                                        <\/p>\n","protected":false},"excerpt":{"rendered":"<p>BALON NIKE FB2894<\/p>\n","protected":false},"featured_media":55601,"template":"","meta":[],"product_brand":[],"product_cat":[347],"product_tag":[37],"class_list":{"0":"post-42037","1":"product","2":"type-product","3":"status-publish","4":"has-post-thumbnail","6":"product_cat-deportes_balones","7":"product_tag-nike","8":"pa_color-unico","9":"pa_talla-169","10":"thunk-woo-product-list","11":"opn-qv-enable","12":"open-woo-hover-","13":"open-single-product-tab-horizontal","14":"open-shadow-","15":"open-shadow-hover-","17":"first","18":"instock","19":"shipping-taxable","20":"purchasable","21":"product-type-variable"},"jetpack_sharing_enabled":true,"_links":{"self":[{"href":"https:\/\/www.deporteseli.com\/index.php?rest_route=\/wp\/v2\/product\/42037","targetHints":{"allow":["GET"]}}],"collection":[{"href":"https:\/\/www.deporteseli.com\/index.php?rest_route=\/wp\/v2\/product"}],"about":[{"href":"https:\/\/www.deporteseli.com\/index.php?rest_route=\/wp\/v2\/types\/product"}],"wp:featuredmedia":[{"embeddable":true,"href":"https:\/\/www.deporteseli.com\/index.php?rest_route=\/wp\/v2\/media\/55601"}],"wp:attachment":[{"href":"https:\/\/www.deporteseli.com\/index.php?rest_route=%2Fwp%2Fv2%2Fmedia&parent=42037"}],"wp:term":[{"taxonomy":"product_brand","embeddable":true,"href":"https:\/\/www.deporteseli.com\/index.php?rest_route=%2Fwp%2Fv2%2Fproduct_brand&post=42037"},{"taxonomy":"product_cat","embeddable":true,"href":"https:\/\/www.deporteseli.com\/index.php?rest_route=%2Fwp%2Fv2%2Fproduct_cat&post=42037"},{"taxonomy":"product_tag","embeddable":true,"href":"https:\/\/www.deporteseli.com\/index.php?rest_route=%2Fwp%2Fv2%2Fproduct_tag&post=42037"}],"curies":[{"name":"wp","href":"https:\/\/api.w.org\/{rel}","templated":true}]}}