{"id":42021,"date":"2026-01-27T19:31:10","date_gmt":"2026-01-27T19:31:10","guid":{"rendered":"https:\/\/www.deporteseli.com\/?product=botas-de-cesped-artificial-para-club-f50"},"modified":"2026-04-02T04:18:30","modified_gmt":"2026-04-02T04:18:30","slug":"botas-de-cesped-artificial-para-club-f50","status":"publish","type":"product","link":"https:\/\/www.deporteseli.com\/?product=botas-de-cesped-artificial-para-club-f50","title":{"rendered":"BOTAS DE C\u00e9SPED ARTIFICIAL PARA CLUB F50"},"content":{"rendered":"<p>BOTAS DE C\u00c9SPED ARTIFICIAL PARA CLUB F50  BOTAS DE VELOCIDAD CON EL NOMBRE QUE DIO INICIO A LA CARRERA, FABRICADAS EN PARTE CON MATERIALES RECICLADOS.  Libera el agilismo con las adidas F50. Creadas para liberar todo el potencial de tu aceleraci\u00f3n, movimiento y velocidad. Estas botas de f\u00fatbol adidas Club te mantienen c\u00f3modo con una parte superior de Fiberskin texturizada y una leng\u00fceta perforada. Debajo, una suela exterior de goma con tacos garantiza que te mantengas por delante de la competencia en canchas de c\u00e9sped artificial. Este producto cuenta con al menos un 20 % de materiales reciclados. Al reutilizar materiales que ya se han creado, ayudamos a reducir los desechos y nuestra dependencia de recursos finitos y reducimos la huella de los productos que fabricamos.  Ajuste regular  Cierre de encaje  Parte superior de fibra de piel  Forro textil  Leng\u00fceta perforada transpirable  Suela de caucho para c\u00e9sped artificial  Contiene al menos un 20% de contenido reciclado.                                                                                                                                                                                                                                                                                                                                                                                                                                                                                                                                                                                                                                                                                                                                                                                                                                                                                                                                                                                                                                        <\/p>\n","protected":false},"excerpt":{"rendered":"<p>BOTAS DE C\u00e9SPED ARTIFICIAL PARA CLUB F50<\/p>\n","protected":false},"featured_media":55588,"template":"","meta":[],"product_brand":[],"product_cat":[318],"product_tag":[18],"class_list":{"0":"post-42021","1":"product","2":"type-product","3":"status-publish","4":"has-post-thumbnail","6":"product_cat-deportes_futbol_botas","7":"product_tag-adidas","8":"pa_color-unico","9":"pa_talla-39-5","10":"pa_talla-149","11":"pa_talla-40-5","12":"pa_talla-41-5","13":"pa_talla-153","14":"pa_talla-42-5","15":"pa_talla-43-5","16":"pa_talla-157","17":"pa_talla-44-5","18":"pa_talla-45-5","19":"pa_talla-161","20":"thunk-woo-product-list","21":"opn-qv-enable","22":"open-woo-hover-","23":"open-single-product-tab-horizontal","24":"open-shadow-","25":"open-shadow-hover-","27":"first","28":"instock","29":"sale","30":"shipping-taxable","31":"purchasable","32":"product-type-variable"},"jetpack_sharing_enabled":true,"_links":{"self":[{"href":"https:\/\/www.deporteseli.com\/index.php?rest_route=\/wp\/v2\/product\/42021","targetHints":{"allow":["GET"]}}],"collection":[{"href":"https:\/\/www.deporteseli.com\/index.php?rest_route=\/wp\/v2\/product"}],"about":[{"href":"https:\/\/www.deporteseli.com\/index.php?rest_route=\/wp\/v2\/types\/product"}],"wp:featuredmedia":[{"embeddable":true,"href":"https:\/\/www.deporteseli.com\/index.php?rest_route=\/wp\/v2\/media\/55588"}],"wp:attachment":[{"href":"https:\/\/www.deporteseli.com\/index.php?rest_route=%2Fwp%2Fv2%2Fmedia&parent=42021"}],"wp:term":[{"taxonomy":"product_brand","embeddable":true,"href":"https:\/\/www.deporteseli.com\/index.php?rest_route=%2Fwp%2Fv2%2Fproduct_brand&post=42021"},{"taxonomy":"product_cat","embeddable":true,"href":"https:\/\/www.deporteseli.com\/index.php?rest_route=%2Fwp%2Fv2%2Fproduct_cat&post=42021"},{"taxonomy":"product_tag","embeddable":true,"href":"https:\/\/www.deporteseli.com\/index.php?rest_route=%2Fwp%2Fv2%2Fproduct_tag&post=42021"}],"curies":[{"name":"wp","href":"https:\/\/api.w.org\/{rel}","templated":true}]}}