{"id":42005,"date":"2026-01-27T19:30:50","date_gmt":"2026-01-27T19:30:50","guid":{"rendered":"https:\/\/www.deporteseli.com\/?product=mochila-clasica-de-3-rayas-horizontales"},"modified":"2026-01-27T19:30:52","modified_gmt":"2026-01-27T19:30:52","slug":"mochila-clasica-de-3-rayas-horizontales","status":"publish","type":"product","link":"https:\/\/www.deporteseli.com\/?product=mochila-clasica-de-3-rayas-horizontales","title":{"rendered":"MOCHILA CL\u00e1SICA DE 3 RAYAS HORIZONTALES"},"content":{"rendered":"<p>MOCHILA CL\u00c1SICA DE 3 RAYAS HORIZONTALES  UNA MOCHILA SENCILLA Y DE USO DIARIO FABRICADA EN PARTE CON MATERIALES RECICLADOS.  Las cl\u00e1sicas 3 rayas en colores degradados le dan a esta mochila adidas un estilo destacado. Mantente organizado con todos los bolsillos que necesitas, incluido uno en el frente y uno en cada lado. La parte inferior revestida garantiza que resista el uso diario y las correas ajustables para los hombros hacen que la comodidad sea una prioridad. El estuche a juego tiene cremalleras para acceder f\u00e1cilmente a los utensilios de escritura u otros peque\u00f1os objetos esenciales. Fabricado con una serie de materiales reciclados y al menos un 40 % de contenido reciclado, este producto representa solo una de nuestras soluciones para ayudar a acabar con los residuos pl\u00e1sticos.  Dimensiones: 44cm x 36cm x 15cm  Volumen: 27,75 litros  Tejido liso 100% poli\u00e9ster reciclado  Bolsillo frontal con cremallera  Bolsillos laterales sin cordones  Correas de hombro ajustables  Incluye estuche con cierre de cremallera.  Fondo recubierto duradero                                                                                                                                                                                                                                                                                                                                                                                                                                                                                                                                                                                                                                                                                                                                                                                                                                                                                                                                                                                                                                        <\/p>\n","protected":false},"excerpt":{"rendered":"<p>MOCHILA CL\u00e1SICA DE 3 RAYAS HORIZONTALES<\/p>\n","protected":false},"featured_media":55569,"template":"","meta":[],"product_brand":[],"product_cat":[401],"product_tag":[18],"class_list":{"0":"post-42005","1":"product","2":"type-product","3":"status-publish","4":"has-post-thumbnail","6":"product_cat-accesorios_mochilas","7":"product_tag-adidas","8":"pa_color-unico","9":"pa_talla-unica","10":"thunk-woo-product-list","11":"opn-qv-enable","12":"open-woo-hover-","13":"open-single-product-tab-horizontal","14":"open-shadow-","15":"open-shadow-hover-","17":"first","18":"instock","19":"shipping-taxable","20":"purchasable","21":"product-type-variable"},"jetpack_sharing_enabled":true,"_links":{"self":[{"href":"https:\/\/www.deporteseli.com\/index.php?rest_route=\/wp\/v2\/product\/42005","targetHints":{"allow":["GET"]}}],"collection":[{"href":"https:\/\/www.deporteseli.com\/index.php?rest_route=\/wp\/v2\/product"}],"about":[{"href":"https:\/\/www.deporteseli.com\/index.php?rest_route=\/wp\/v2\/types\/product"}],"wp:featuredmedia":[{"embeddable":true,"href":"https:\/\/www.deporteseli.com\/index.php?rest_route=\/wp\/v2\/media\/55569"}],"wp:attachment":[{"href":"https:\/\/www.deporteseli.com\/index.php?rest_route=%2Fwp%2Fv2%2Fmedia&parent=42005"}],"wp:term":[{"taxonomy":"product_brand","embeddable":true,"href":"https:\/\/www.deporteseli.com\/index.php?rest_route=%2Fwp%2Fv2%2Fproduct_brand&post=42005"},{"taxonomy":"product_cat","embeddable":true,"href":"https:\/\/www.deporteseli.com\/index.php?rest_route=%2Fwp%2Fv2%2Fproduct_cat&post=42005"},{"taxonomy":"product_tag","embeddable":true,"href":"https:\/\/www.deporteseli.com\/index.php?rest_route=%2Fwp%2Fv2%2Fproduct_tag&post=42005"}],"curies":[{"name":"wp","href":"https:\/\/api.w.org\/{rel}","templated":true}]}}