{"id":41999,"date":"2026-01-27T19:30:43","date_gmt":"2026-01-27T19:30:43","guid":{"rendered":"https:\/\/www.deporteseli.com\/?product=zapatilla-de-futbol-copa-pure-ii-league-moque"},"modified":"2026-02-16T07:49:51","modified_gmt":"2026-02-16T07:49:51","slug":"zapatilla-de-futbol-copa-pure-ii-league-moque","status":"publish","type":"product","link":"https:\/\/www.deporteseli.com\/?product=zapatilla-de-futbol-copa-pure-ii-league-moque","title":{"rendered":"ZAPATILLA DE F\u00faTBOL COPA PURE II LEAGUE MOQUE"},"content":{"rendered":"<p>GANAR ES EL TRATO  Para dominar el partido, debes tener a tus compa\u00f1eros cerca y el bal\u00f3n pegado al pie. La adidas Copa Pure II te ayuda a encontrar la libertad que necesitas para dirigir el encuentro con clase y comodidad. Esta zapatilla de f\u00fatbol presenta detalles vintage y un antepi\u00e9 de piel vacuna que le confieren un aspecto y un tacto ic\u00f3nicos. La suela de goma estriada te permite desplegar tu mejor juego en campos de moqueta.    Este producto contiene al menos un 20% de materiales reciclados. Utilizando materiales reciclados, reducimos los residuos, nuestra dependencia de los recursos finitos y la huella que generan los productos que fabricamos.  Horma cl\u00e1sica  Cierre de cordones  Parte superior de suave piel sint\u00e9tica con antepi\u00e9 de piel  Suela de goma para campos de moqueta  Contiene al menos un 20% de material reciclado  Color del art\u00edculo: Core Black \/ Carbon \/ Grey One  N\u00famero de art\u00edculo: IE7498                                                                                                                                                                                                                                                                                                                                                                                                                                                                                                                                                                                                                                                                                                                                                                                                                                                                                                                                                                                                                                        <\/p>\n","protected":false},"excerpt":{"rendered":"<p>ZAPATILLA DE F\u00faTBOL COPA PURE II LEAGUE MOQUE<\/p>\n","protected":false},"featured_media":55564,"template":"","meta":[],"product_brand":[],"product_cat":[318],"product_tag":[18],"class_list":{"0":"post-41999","1":"product","2":"type-product","3":"status-publish","4":"has-post-thumbnail","6":"product_cat-deportes_futbol_botas","7":"product_tag-adidas","8":"pa_color-unico","9":"pa_talla-149","10":"pa_talla-40-5","11":"pa_talla-41-5","12":"pa_talla-153","13":"pa_talla-42-5","14":"thunk-woo-product-list","15":"opn-qv-enable","16":"open-woo-hover-","17":"open-single-product-tab-horizontal","18":"open-shadow-","19":"open-shadow-hover-","21":"first","22":"instock","23":"sale","24":"shipping-taxable","25":"purchasable","26":"product-type-variable"},"jetpack_sharing_enabled":true,"_links":{"self":[{"href":"https:\/\/www.deporteseli.com\/index.php?rest_route=\/wp\/v2\/product\/41999","targetHints":{"allow":["GET"]}}],"collection":[{"href":"https:\/\/www.deporteseli.com\/index.php?rest_route=\/wp\/v2\/product"}],"about":[{"href":"https:\/\/www.deporteseli.com\/index.php?rest_route=\/wp\/v2\/types\/product"}],"wp:featuredmedia":[{"embeddable":true,"href":"https:\/\/www.deporteseli.com\/index.php?rest_route=\/wp\/v2\/media\/55564"}],"wp:attachment":[{"href":"https:\/\/www.deporteseli.com\/index.php?rest_route=%2Fwp%2Fv2%2Fmedia&parent=41999"}],"wp:term":[{"taxonomy":"product_brand","embeddable":true,"href":"https:\/\/www.deporteseli.com\/index.php?rest_route=%2Fwp%2Fv2%2Fproduct_brand&post=41999"},{"taxonomy":"product_cat","embeddable":true,"href":"https:\/\/www.deporteseli.com\/index.php?rest_route=%2Fwp%2Fv2%2Fproduct_cat&post=41999"},{"taxonomy":"product_tag","embeddable":true,"href":"https:\/\/www.deporteseli.com\/index.php?rest_route=%2Fwp%2Fv2%2Fproduct_tag&post=41999"}],"curies":[{"name":"wp","href":"https:\/\/api.w.org\/{rel}","templated":true}]}}