{"id":41985,"date":"2026-01-27T19:30:25","date_gmt":"2026-01-27T19:30:25","guid":{"rendered":"https:\/\/www.deporteseli.com\/?product=chandal-essentials-3-bandas-2"},"modified":"2026-03-07T05:56:32","modified_gmt":"2026-03-07T05:56:32","slug":"chandal-essentials-3-bandas-2","status":"publish","type":"product","link":"https:\/\/www.deporteseli.com\/?product=chandal-essentials-3-bandas-2","title":{"rendered":"CH\u00e1NDAL ESSENTIALS 3 BANDAS"},"content":{"rendered":"<p>UN CL\u00c1SICO QUE NUNCA DEFRAUDA  Todo el mundo necesita un ch\u00e1ndal con el que poder contar en el d\u00eda a d\u00eda, ya sea para trabajar desde casa, disfrutar del fin de semana o hacer cualquier otra actividad. Este de adidas te permite hacer todo eso y m\u00e1s gracias a su suave tejido de punto y su corte entallado. Presenta un dobladillo y pu\u00f1os de canal\u00e9, una cintura el\u00e1stica y un cierre de cremallera para poder mostrar tu camiseta favorita.    Este producto contiene al menos un 70% de materiales reciclados y renovables.  Corte ajustado con cintura de talle medio  Cremallera y cuello alzado de canal\u00e9  Punto 100% poli\u00e9ster reciclado  Bolsillos frontales con cremallera en la chaqueta y el pantal\u00f3n  Pu\u00f1os y dobladillo de canal\u00e9  Cintura el\u00e1stica con cord\u00f3n  Perneras ajustadas  Color del art\u00edculo: Black \/ White  N\u00famero de art\u00edculo: IJ8781                                                                                                                                                                                                                                                                                                                                                                                                                                                                                                                                                                                                                                                                                                                                                                                                                                                                                                                                                                                                                                        <\/p>\n","protected":false},"excerpt":{"rendered":"<p>CH\u00e1NDAL ESSENTIALS 3 BANDAS<\/p>\n","protected":false},"featured_media":55551,"template":"","meta":[],"product_brand":[],"product_cat":[273],"product_tag":[18],"class_list":{"0":"post-41985","1":"product","2":"type-product","3":"status-publish","4":"has-post-thumbnail","6":"product_cat-mujer_textil_chandals","7":"product_tag-adidas","8":"pa_color-unico","9":"pa_talla-l","10":"pa_talla-s","11":"thunk-woo-product-list","12":"opn-qv-enable","13":"open-woo-hover-","14":"open-single-product-tab-horizontal","15":"open-shadow-","16":"open-shadow-hover-","18":"first","19":"instock","20":"shipping-taxable","21":"purchasable","22":"product-type-variable"},"jetpack_sharing_enabled":true,"_links":{"self":[{"href":"https:\/\/www.deporteseli.com\/index.php?rest_route=\/wp\/v2\/product\/41985","targetHints":{"allow":["GET"]}}],"collection":[{"href":"https:\/\/www.deporteseli.com\/index.php?rest_route=\/wp\/v2\/product"}],"about":[{"href":"https:\/\/www.deporteseli.com\/index.php?rest_route=\/wp\/v2\/types\/product"}],"wp:featuredmedia":[{"embeddable":true,"href":"https:\/\/www.deporteseli.com\/index.php?rest_route=\/wp\/v2\/media\/55551"}],"wp:attachment":[{"href":"https:\/\/www.deporteseli.com\/index.php?rest_route=%2Fwp%2Fv2%2Fmedia&parent=41985"}],"wp:term":[{"taxonomy":"product_brand","embeddable":true,"href":"https:\/\/www.deporteseli.com\/index.php?rest_route=%2Fwp%2Fv2%2Fproduct_brand&post=41985"},{"taxonomy":"product_cat","embeddable":true,"href":"https:\/\/www.deporteseli.com\/index.php?rest_route=%2Fwp%2Fv2%2Fproduct_cat&post=41985"},{"taxonomy":"product_tag","embeddable":true,"href":"https:\/\/www.deporteseli.com\/index.php?rest_route=%2Fwp%2Fv2%2Fproduct_tag&post=41985"}],"curies":[{"name":"wp","href":"https:\/\/api.w.org\/{rel}","templated":true}]}}