{"id":41970,"date":"2026-01-27T19:30:06","date_gmt":"2026-01-27T19:30:06","guid":{"rendered":"https:\/\/www.deporteseli.com\/?product=banador-essentials"},"modified":"2026-03-07T05:56:18","modified_gmt":"2026-03-07T05:56:18","slug":"banador-essentials","status":"publish","type":"product","link":"https:\/\/www.deporteseli.com\/?product=banador-essentials","title":{"rendered":"BA\u00f1ADOR ESSENTIALS"},"content":{"rendered":"<p>Descripci\u00f3n  Ba\u00f1ador corto liso adidas CLX  Estos ba\u00f1adores cortos de adidas son perfectos para la piscina o la playa, dentro o cerca del agua. Su tejido ligero se seca r\u00e1pidamente para mayor comodidad. Un slip de malla integrado combina comodidad y protecci\u00f3n.    Fabricado con materiales 100% reciclados, este producto es s\u00f3lo una de nuestras soluciones para combatir los residuos pl\u00e1sticos.    Ba\u00f1ador cl\u00e1sico fabricado con materiales reciclados.                                                                                                                                                                                                                                                                                                                                                                                                                                                                                                                                                                                                                                                                                                                                                                                                                                                                                                                                                                                                                                        <\/p>\n","protected":false},"excerpt":{"rendered":"<p>BA\u00f1ADOR ESSENTIALS<\/p>\n","protected":false},"featured_media":55530,"template":"","meta":[],"product_brand":[],"product_cat":[246],"product_tag":[18],"class_list":{"0":"post-41970","1":"product","2":"type-product","3":"status-publish","4":"has-post-thumbnail","6":"product_cat-hombre_textil_banadores","7":"product_tag-adidas","8":"pa_color-unico","9":"pa_talla-s","10":"thunk-woo-product-list","11":"opn-qv-enable","12":"open-woo-hover-","13":"open-single-product-tab-horizontal","14":"open-shadow-","15":"open-shadow-hover-","17":"first","18":"instock","19":"shipping-taxable","20":"purchasable","21":"product-type-variable"},"jetpack_sharing_enabled":true,"_links":{"self":[{"href":"https:\/\/www.deporteseli.com\/index.php?rest_route=\/wp\/v2\/product\/41970","targetHints":{"allow":["GET"]}}],"collection":[{"href":"https:\/\/www.deporteseli.com\/index.php?rest_route=\/wp\/v2\/product"}],"about":[{"href":"https:\/\/www.deporteseli.com\/index.php?rest_route=\/wp\/v2\/types\/product"}],"wp:featuredmedia":[{"embeddable":true,"href":"https:\/\/www.deporteseli.com\/index.php?rest_route=\/wp\/v2\/media\/55530"}],"wp:attachment":[{"href":"https:\/\/www.deporteseli.com\/index.php?rest_route=%2Fwp%2Fv2%2Fmedia&parent=41970"}],"wp:term":[{"taxonomy":"product_brand","embeddable":true,"href":"https:\/\/www.deporteseli.com\/index.php?rest_route=%2Fwp%2Fv2%2Fproduct_brand&post=41970"},{"taxonomy":"product_cat","embeddable":true,"href":"https:\/\/www.deporteseli.com\/index.php?rest_route=%2Fwp%2Fv2%2Fproduct_cat&post=41970"},{"taxonomy":"product_tag","embeddable":true,"href":"https:\/\/www.deporteseli.com\/index.php?rest_route=%2Fwp%2Fv2%2Fproduct_tag&post=41970"}],"curies":[{"name":"wp","href":"https:\/\/api.w.org\/{rel}","templated":true}]}}