{"id":41962,"date":"2026-01-27T19:29:57","date_gmt":"2026-01-27T19:29:57","guid":{"rendered":"https:\/\/www.deporteseli.com\/?product=pantalon-corto-essentials-big-logo"},"modified":"2026-03-07T05:56:16","modified_gmt":"2026-03-07T05:56:16","slug":"pantalon-corto-essentials-big-logo","status":"publish","type":"product","link":"https:\/\/www.deporteseli.com\/?product=pantalon-corto-essentials-big-logo","title":{"rendered":"PANTAL\u00f3N CORTO ESSENTIALS BIG LOGO"},"content":{"rendered":"<p>LA EST\u00c9TICA INCONFUNDIBLE DEL DEPORTE  El logotipo de adidas es sin\u00f3nimo de look deportivo ganador. Este pantal\u00f3n corto para j\u00f3venes deportistas combina comodidad y estilo. Se ha confeccionado en un tejido de punto de algod\u00f3n que no pierde suavidad lavado tras lavado. Porque sabemos que no te cansar\u00e1s de llevarlo.    Nuestros productos de algod\u00f3n se han fabricado de forma sostenible.  Corte cl\u00e1sico  Cintura el\u00e1stica con cord\u00f3n  Punto 100% algod\u00f3n  Bolsillos laterales  Producto creado en colaboraci\u00f3n con Better Cotton  Color del art\u00edculo: Black \/ White  N\u00famero de art\u00edculo: HY4718                                                                                                                                                                                                                                                                                                                                                                                                                                                                                                                                                                                                                                                                                                                                                                                                                                                                                                                                                                                                                                        <\/p>\n","protected":false},"excerpt":{"rendered":"<p>PANTAL\u00f3N CORTO ESSENTIALS BIG LOGO<\/p>\n","protected":false},"featured_media":55522,"template":"","meta":[],"product_brand":[],"product_cat":[299],"product_tag":[18],"class_list":{"0":"post-41962","1":"product","2":"type-product","3":"status-publish","4":"has-post-thumbnail","6":"product_cat-nino_textil_bermudas","7":"product_tag-adidas","8":"pa_color-unico","9":"pa_talla-t-12","10":"pa_talla-t-14","11":"pa_talla-t-16","12":"pa_talla-t-8","13":"thunk-woo-product-list","14":"opn-qv-enable","15":"open-woo-hover-","16":"open-single-product-tab-horizontal","17":"open-shadow-","18":"open-shadow-hover-","20":"first","21":"instock","22":"shipping-taxable","23":"purchasable","24":"product-type-variable"},"jetpack_sharing_enabled":true,"_links":{"self":[{"href":"https:\/\/www.deporteseli.com\/index.php?rest_route=\/wp\/v2\/product\/41962","targetHints":{"allow":["GET"]}}],"collection":[{"href":"https:\/\/www.deporteseli.com\/index.php?rest_route=\/wp\/v2\/product"}],"about":[{"href":"https:\/\/www.deporteseli.com\/index.php?rest_route=\/wp\/v2\/types\/product"}],"wp:featuredmedia":[{"embeddable":true,"href":"https:\/\/www.deporteseli.com\/index.php?rest_route=\/wp\/v2\/media\/55522"}],"wp:attachment":[{"href":"https:\/\/www.deporteseli.com\/index.php?rest_route=%2Fwp%2Fv2%2Fmedia&parent=41962"}],"wp:term":[{"taxonomy":"product_brand","embeddable":true,"href":"https:\/\/www.deporteseli.com\/index.php?rest_route=%2Fwp%2Fv2%2Fproduct_brand&post=41962"},{"taxonomy":"product_cat","embeddable":true,"href":"https:\/\/www.deporteseli.com\/index.php?rest_route=%2Fwp%2Fv2%2Fproduct_cat&post=41962"},{"taxonomy":"product_tag","embeddable":true,"href":"https:\/\/www.deporteseli.com\/index.php?rest_route=%2Fwp%2Fv2%2Fproduct_tag&post=41962"}],"curies":[{"name":"wp","href":"https:\/\/api.w.org\/{rel}","templated":true}]}}