{"id":41959,"date":"2026-01-27T19:29:51","date_gmt":"2026-01-27T19:29:51","guid":{"rendered":"https:\/\/www.deporteseli.com\/?product=globo-ucl-club-23-24"},"modified":"2026-01-27T19:29:56","modified_gmt":"2026-01-27T19:29:56","slug":"globo-ucl-club-23-24","status":"publish","type":"product","link":"https:\/\/www.deporteseli.com\/?product=globo-ucl-club-23-24","title":{"rendered":"GLOBO UCL CLUB 23\/24"},"content":{"rendered":"<p>JUEGA CON GARRA  La joya de la corona de Londres. Este bal\u00f3n de f\u00fatbol adidas UCL Club luce un impresionante dise\u00f1o inspirado en el estampado del le\u00f3n del esf\u00e9rico oficial de la final de la UEFA Champions League. Presenta una resistente estructura cosida a m\u00e1quina perfecta para jugar partidillos en el parque. La c\u00e1mara de butilo lo mantiene inflado durante m\u00e1s tiempo mientras desatas tu pasi\u00f3n por el mejor f\u00fatbol europeo, toque tras toque.  Cubierta 100% TPU reciclado  Cosido a m\u00e1quina  C\u00e1mara de butilo  Logotipo estampado de la UEFA Champions League  Es necesario inflarlo  Color del art\u00edculo: Glow Blue \/ Solar Red \/ White  N\u00famero de art\u00edculo: IN9327                                                                                                                                                                                                                                                                                                                                                                                                                                                                                                                                                                                                                                                                                                                                                                                                                                                                                                                                                                                                                                        <\/p>\n","protected":false},"excerpt":{"rendered":"<p>GLOBO UCL CLUB 23\/24<\/p>\n","protected":false},"featured_media":55519,"template":"","meta":[],"product_brand":[],"product_cat":[347],"product_tag":[18],"class_list":{"0":"post-41959","1":"product","2":"type-product","3":"status-publish","4":"has-post-thumbnail","6":"product_cat-deportes_balones","7":"product_tag-adidas","8":"pa_color-unico","9":"pa_talla-167","10":"pa_talla-169","11":"thunk-woo-product-list","12":"opn-qv-enable","13":"open-woo-hover-","14":"open-single-product-tab-horizontal","15":"open-shadow-","16":"open-shadow-hover-","18":"first","19":"instock","20":"sale","21":"shipping-taxable","22":"purchasable","23":"product-type-variable"},"jetpack_sharing_enabled":true,"_links":{"self":[{"href":"https:\/\/www.deporteseli.com\/index.php?rest_route=\/wp\/v2\/product\/41959","targetHints":{"allow":["GET"]}}],"collection":[{"href":"https:\/\/www.deporteseli.com\/index.php?rest_route=\/wp\/v2\/product"}],"about":[{"href":"https:\/\/www.deporteseli.com\/index.php?rest_route=\/wp\/v2\/types\/product"}],"wp:featuredmedia":[{"embeddable":true,"href":"https:\/\/www.deporteseli.com\/index.php?rest_route=\/wp\/v2\/media\/55519"}],"wp:attachment":[{"href":"https:\/\/www.deporteseli.com\/index.php?rest_route=%2Fwp%2Fv2%2Fmedia&parent=41959"}],"wp:term":[{"taxonomy":"product_brand","embeddable":true,"href":"https:\/\/www.deporteseli.com\/index.php?rest_route=%2Fwp%2Fv2%2Fproduct_brand&post=41959"},{"taxonomy":"product_cat","embeddable":true,"href":"https:\/\/www.deporteseli.com\/index.php?rest_route=%2Fwp%2Fv2%2Fproduct_cat&post=41959"},{"taxonomy":"product_tag","embeddable":true,"href":"https:\/\/www.deporteseli.com\/index.php?rest_route=%2Fwp%2Fv2%2Fproduct_tag&post=41959"}],"curies":[{"name":"wp","href":"https:\/\/api.w.org\/{rel}","templated":true}]}}