{"id":41954,"date":"2026-01-27T19:29:43","date_gmt":"2026-01-27T19:29:43","guid":{"rendered":"https:\/\/www.deporteseli.com\/?product=balon-nike-sala-maestro"},"modified":"2026-01-27T19:29:44","modified_gmt":"2026-01-27T19:29:44","slug":"balon-nike-sala-maestro","status":"publish","type":"product","link":"https:\/\/www.deporteseli.com\/?product=balon-nike-sala-maestro","title":{"rendered":"BALON NIKE SALA MAESTRO"},"content":{"rendered":"<p>Es la hora del partido. Los estampados de alto contraste f\u00e1cil de ver se combinan con una cubierta texturizada premium y un dise\u00f1o m\u00e1s peque\u00f1o y pesado para crear un bal\u00f3n de f\u00fatbol sala \u00f3ptimo.      Ventajas    Estampados de alto contraste para un seguimiento sencillo.  Exterior cosido a m\u00e1quina para optimizar la forma, el ajuste y la durabilidad.  Cubierta texturizada que ofrece un toque uniforme al pasar, lanzar a puerta y regatear.  Dise\u00f1o de 12 paneles para un vuelo preciso y fiable.    Detalles del producto    60 % goma\/15 % poliuretano (PU)\/13 % poli\u00e9ster \/12 % etilvinilacetato (EVA)  Tama\u00f1o y peso oficial para f\u00fatbol sala  De importaci\u00f3n  Color mostrado: Coconut Milk\/Multicolor\/Blanco  Modelo: FJ5547-113                                                                                                                                                                                                                                                                                                                                                                                                                                                                                                                                                                                                                                                                                                                                                                                                                                                                                                                                                                                                                                        <\/p>\n","protected":false},"excerpt":{"rendered":"<p>BALON NIKE SALA MAESTRO<\/p>\n","protected":false},"featured_media":55511,"template":"","meta":[],"product_brand":[],"product_cat":[347],"product_tag":[37],"class_list":{"0":"post-41954","1":"product","2":"type-product","3":"status-publish","4":"has-post-thumbnail","6":"product_cat-deportes_balones","7":"product_tag-nike","8":"pa_color-beige","9":"pa_talla-168","10":"thunk-woo-product-list","11":"opn-qv-enable","12":"open-woo-hover-","13":"open-single-product-tab-horizontal","14":"open-shadow-","15":"open-shadow-hover-","17":"first","18":"instock","19":"shipping-taxable","20":"purchasable","21":"product-type-variable"},"jetpack_sharing_enabled":true,"_links":{"self":[{"href":"https:\/\/www.deporteseli.com\/index.php?rest_route=\/wp\/v2\/product\/41954","targetHints":{"allow":["GET"]}}],"collection":[{"href":"https:\/\/www.deporteseli.com\/index.php?rest_route=\/wp\/v2\/product"}],"about":[{"href":"https:\/\/www.deporteseli.com\/index.php?rest_route=\/wp\/v2\/types\/product"}],"wp:featuredmedia":[{"embeddable":true,"href":"https:\/\/www.deporteseli.com\/index.php?rest_route=\/wp\/v2\/media\/55511"}],"wp:attachment":[{"href":"https:\/\/www.deporteseli.com\/index.php?rest_route=%2Fwp%2Fv2%2Fmedia&parent=41954"}],"wp:term":[{"taxonomy":"product_brand","embeddable":true,"href":"https:\/\/www.deporteseli.com\/index.php?rest_route=%2Fwp%2Fv2%2Fproduct_brand&post=41954"},{"taxonomy":"product_cat","embeddable":true,"href":"https:\/\/www.deporteseli.com\/index.php?rest_route=%2Fwp%2Fv2%2Fproduct_cat&post=41954"},{"taxonomy":"product_tag","embeddable":true,"href":"https:\/\/www.deporteseli.com\/index.php?rest_route=%2Fwp%2Fv2%2Fproduct_tag&post=41954"}],"curies":[{"name":"wp","href":"https:\/\/api.w.org\/{rel}","templated":true}]}}