{"id":41950,"date":"2026-01-27T19:29:36","date_gmt":"2026-01-27T19:29:36","guid":{"rendered":"https:\/\/www.deporteseli.com\/?product=botas-nike-phantom-gx-ii-club-jr"},"modified":"2026-01-27T19:29:42","modified_gmt":"2026-01-27T19:29:42","slug":"botas-nike-phantom-gx-ii-club-jr","status":"publish","type":"product","link":"https:\/\/www.deporteseli.com\/?product=botas-nike-phantom-gx-ii-club-jr","title":{"rendered":"BOTAS NIKE PHANTOM GX II CLUB JR"},"content":{"rendered":"<p>Nike Jr Phantom GX II Club FG\/MG FJ2600-001  El Nike Jr Phantom GX II Club FG\/MG FJ2600-001 es un calzado deportivo dise\u00f1ado para los j\u00f3venes futbolistas que buscan mejorar su rendimiento en el campo.    Dise\u00f1o y Comodidad  Este calzado cuenta con un dise\u00f1o moderno y elegante en color negro, con detalles en blanco y rojo. Su construcci\u00f3n ligera y flexible permite un ajuste c\u00f3modo y seguro, ideal para largas horas de juego.    Rendimiento y Durabilidad  Con su suela de goma resistente y tacos multidireccionales, el Nike Jr Phantom GX II Club FG\/MG FJ2600-001 ofrece un excelente agarre en diferentes superficies de juego, tanto en c\u00e9sped natural como artificial.    Caracter\u00edsticas T\u00e9cnicas  Aqu\u00ed te presentamos las 20 caracter\u00edsticas t\u00e9cnicas m\u00e1s destacadas de este calzado deportivo:    Referencia: FJ2600-001                                                                                                                                                                                                                                                                                                                                                                                                                                                                                                                                                                                                                                                                                                                                                                                                                                                                                                                                                                                                                                        <\/p>\n","protected":false},"excerpt":{"rendered":"<p>BOTAS NIKE PHANTOM GX II CLUB JR<\/p>\n","protected":false},"featured_media":55506,"template":"","meta":[],"product_brand":[],"product_cat":[318],"product_tag":[37],"class_list":{"0":"post-41950","1":"product","2":"type-product","3":"status-publish","4":"has-post-thumbnail","6":"product_cat-deportes_futbol_botas","7":"product_tag-nike","8":"pa_color-negro","9":"pa_talla-137","10":"pa_talla-36-5","11":"pa_talla-37-5","12":"thunk-woo-product-list","13":"opn-qv-enable","14":"open-woo-hover-","15":"open-single-product-tab-horizontal","16":"open-shadow-","17":"open-shadow-hover-","19":"first","20":"instock","21":"sale","22":"shipping-taxable","23":"purchasable","24":"product-type-variable"},"jetpack_sharing_enabled":true,"_links":{"self":[{"href":"https:\/\/www.deporteseli.com\/index.php?rest_route=\/wp\/v2\/product\/41950","targetHints":{"allow":["GET"]}}],"collection":[{"href":"https:\/\/www.deporteseli.com\/index.php?rest_route=\/wp\/v2\/product"}],"about":[{"href":"https:\/\/www.deporteseli.com\/index.php?rest_route=\/wp\/v2\/types\/product"}],"wp:featuredmedia":[{"embeddable":true,"href":"https:\/\/www.deporteseli.com\/index.php?rest_route=\/wp\/v2\/media\/55506"}],"wp:attachment":[{"href":"https:\/\/www.deporteseli.com\/index.php?rest_route=%2Fwp%2Fv2%2Fmedia&parent=41950"}],"wp:term":[{"taxonomy":"product_brand","embeddable":true,"href":"https:\/\/www.deporteseli.com\/index.php?rest_route=%2Fwp%2Fv2%2Fproduct_brand&post=41950"},{"taxonomy":"product_cat","embeddable":true,"href":"https:\/\/www.deporteseli.com\/index.php?rest_route=%2Fwp%2Fv2%2Fproduct_cat&post=41950"},{"taxonomy":"product_tag","embeddable":true,"href":"https:\/\/www.deporteseli.com\/index.php?rest_route=%2Fwp%2Fv2%2Fproduct_tag&post=41950"}],"curies":[{"name":"wp","href":"https:\/\/api.w.org\/{rel}","templated":true}]}}