{"id":41944,"date":"2026-01-27T19:29:28","date_gmt":"2026-01-27T19:29:28","guid":{"rendered":"https:\/\/www.deporteseli.com\/?product=botas-nike-tiempo-legend-10-academy"},"modified":"2026-01-27T19:29:35","modified_gmt":"2026-01-27T19:29:35","slug":"botas-nike-tiempo-legend-10-academy","status":"publish","type":"product","link":"https:\/\/www.deporteseli.com\/?product=botas-nike-tiempo-legend-10-academy","title":{"rendered":"BOTAS NIKE TIEMPO LEGEND 10 ACADEMY"},"content":{"rendered":"<p>Incluso las Legend encuentran formas de evolucionar. Dise\u00f1adas para llevar tu juego al siguiente nivel, la \u00faltima versi\u00f3n de estas botas Academy cuenta con la nueva piel mejorada FlyTouch Lite. M\u00e1s suave que la piel natural, se adapta a la forma del pie y no tiene exceso de elasticidad para dictar el ritmo de juego. Las Legend 10 cuentan con un dise\u00f1o m\u00e1s ligero y elegante que cualquier otro modelo Tiempo hasta la fecha, por lo que son perfectas para cualquier posici\u00f3n en el campo, ya sea para clavar un pase al hueco o para frenar un contraataque.      Toque mejorado    \u00bfVes los micropuntos de la parte superior? Sirven para mejorar las zonas de contacto al pasar, tirar y regatear. Ofrecen un look m\u00e1s elegante y cuentan con un acolchado adicional. Y lo mejor es que no sacrifican el control del bal\u00f3n que deseas en el campo. Hemos reducido las almohadillas de espuma de las Tiempo 9 para acercar el pie al bal\u00f3n cuando lo tienes en tu poder. En su lugar, moldeamos las l\u00edneas en los tacos.      Ajuste natural y adaptable    La piel mejorada FlyTouch Lite es incre\u00edblemente suave. Ayuda a que los tacos se adapten al pie para ofrecer mayor comodidad sin exceso de elasticidad. Dise\u00f1o de la leng\u00fceta con acolchado adicional para una mayor seguridad y comodidad en las zonas clave de impacto. Forro de microfibra para un tacto premium.      Tracci\u00f3n para el campo    La placa combina tacos c\u00f3nicos en el tal\u00f3n para ofrecer una tracci\u00f3n y estabilidad \u00f3ptimas al frenar y cambiar de direcci\u00f3n, independientemente de las condiciones.      Detalles del producto    Para uso en superficies naturales y sint\u00e9ticas  Suela interior amortiguada  Color mostrado: Negro\/Hyper Royal\/Chrome  Modelo: DV4337-040                                                                                                                                                                                                                                                                                                                                                                                                                                                                                                                                                                                                                                                                                                                                                                                                                                                                                                                                                                                                                                        <\/p>\n","protected":false},"excerpt":{"rendered":"<p>BOTAS NIKE TIEMPO LEGEND 10 ACADEMY<\/p>\n","protected":false},"featured_media":55501,"template":"","meta":[],"product_brand":[],"product_cat":[318],"product_tag":[37],"class_list":{"0":"post-41944","1":"product","2":"type-product","3":"status-publish","4":"has-post-thumbnail","6":"product_cat-deportes_futbol_botas","7":"product_tag-nike","8":"pa_color-negro","9":"pa_talla-149","10":"pa_talla-151","11":"pa_talla-153","12":"pa_talla-155","13":"pa_talla-157","14":"thunk-woo-product-list","15":"opn-qv-enable","16":"open-woo-hover-","17":"open-single-product-tab-horizontal","18":"open-shadow-","19":"open-shadow-hover-","21":"first","22":"instock","23":"sale","24":"shipping-taxable","25":"purchasable","26":"product-type-variable"},"jetpack_sharing_enabled":true,"_links":{"self":[{"href":"https:\/\/www.deporteseli.com\/index.php?rest_route=\/wp\/v2\/product\/41944","targetHints":{"allow":["GET"]}}],"collection":[{"href":"https:\/\/www.deporteseli.com\/index.php?rest_route=\/wp\/v2\/product"}],"about":[{"href":"https:\/\/www.deporteseli.com\/index.php?rest_route=\/wp\/v2\/types\/product"}],"wp:featuredmedia":[{"embeddable":true,"href":"https:\/\/www.deporteseli.com\/index.php?rest_route=\/wp\/v2\/media\/55501"}],"wp:attachment":[{"href":"https:\/\/www.deporteseli.com\/index.php?rest_route=%2Fwp%2Fv2%2Fmedia&parent=41944"}],"wp:term":[{"taxonomy":"product_brand","embeddable":true,"href":"https:\/\/www.deporteseli.com\/index.php?rest_route=%2Fwp%2Fv2%2Fproduct_brand&post=41944"},{"taxonomy":"product_cat","embeddable":true,"href":"https:\/\/www.deporteseli.com\/index.php?rest_route=%2Fwp%2Fv2%2Fproduct_cat&post=41944"},{"taxonomy":"product_tag","embeddable":true,"href":"https:\/\/www.deporteseli.com\/index.php?rest_route=%2Fwp%2Fv2%2Fproduct_tag&post=41944"}],"curies":[{"name":"wp","href":"https:\/\/api.w.org\/{rel}","templated":true}]}}