{"id":41938,"date":"2026-01-27T19:29:20","date_gmt":"2026-01-27T19:29:20","guid":{"rendered":"https:\/\/www.deporteseli.com\/?product=botas-nike-academy-legend-10"},"modified":"2026-03-20T05:18:54","modified_gmt":"2026-03-20T05:18:54","slug":"botas-nike-academy-legend-10","status":"publish","type":"product","link":"https:\/\/www.deporteseli.com\/?product=botas-nike-academy-legend-10","title":{"rendered":"BOTAS NIKE ACADEMY LEGEND 10"},"content":{"rendered":"<p>Descripci\u00f3n  Botas de f\u00fatbol Nike Tiempo Legend 10 Academy TF  Las botas de f\u00fatbol Nike Legend 10 Academy TF son la elecci\u00f3n perfecta para los jugadores ambiciosos que buscan un rendimiento superior sobre el terreno de juego. Con su elegante dise\u00f1o y su marca de renombre mundial, Nike, estos zapatos son tanto una herramienta de rendimiento como un accesorio elegante para los aficionados al f\u00fatbol.    Dise\u00f1adas espec\u00edficamente para el f\u00fatbol, estas zapatillas ofrecen una sujeci\u00f3n y una comodidad excepcionales gracias a su parte superior de piel de alta calidad. La tecnolog\u00eda Flyknit integrada en la parte superior de la zapatilla garantiza un ajuste perfecto y un control \u00f3ptimo del bal\u00f3n, lo que permite una precisi\u00f3n inigualable en los disparos y pases. Adem\u00e1s, la suela exterior de goma proporciona un agarre m\u00e1ximo en superficies sint\u00e9ticas, permiti\u00e9ndote moverte por el campo con confianza.    La ligereza de estas zapatillas es tambi\u00e9n una gran ventaja para los futbolistas. Gracias a su construcci\u00f3n ligera, te permiten mantenerte rapide y \u00e1gil en el campo, al tiempo que ofrecen la sujeci\u00f3n y estabilidad esenciales para evitar lesiones.    Con las botas de f\u00fatbol Nike Legend 10 Academy TF, tambi\u00e9n obtienes el ic\u00f3nico estilo Nike. Tanto si juegas en el campo como si entrenas fuera de \u00e9l, estas botas te permitir\u00e1n destacar entre la multitud gracias a su dise\u00f1o moderno y elegante. Est\u00e1n disponibles en una gama de colores que se adaptan a tu estilo personal y te permiten representar con orgullo la marca Nike.    En resumen, las botas de f\u00fatbol Nike Legend 10 Academy TF son imprescindibles para cualquier futbolista serio. Con su combinaci\u00f3n de rendimiento, comodidad y estilo, te permitir\u00e1n dar lo mejor de ti en el campo y destacar como jugador. \u00danete a la leyenda con Nike y estas botas de f\u00fatbol de primera calidad.                                                                                                                                                                                                                                                                                                                                                                                                                                                                                                                                                                                                                                                                                                                                                                                                                                                                                                                                                                                                                                        <\/p>\n","protected":false},"excerpt":{"rendered":"<p>BOTAS NIKE ACADEMY LEGEND 10<\/p>\n","protected":false},"featured_media":55497,"template":"","meta":[],"product_brand":[],"product_cat":[318],"product_tag":[37],"class_list":{"0":"post-41938","1":"product","2":"type-product","3":"status-publish","4":"has-post-thumbnail","6":"product_cat-deportes_futbol_botas","7":"product_tag-nike","8":"pa_color-verde","9":"pa_talla-149","10":"pa_talla-151","11":"pa_talla-153","12":"pa_talla-155","13":"pa_talla-157","14":"thunk-woo-product-list","15":"opn-qv-enable","16":"open-woo-hover-","17":"open-single-product-tab-horizontal","18":"open-shadow-","19":"open-shadow-hover-","21":"first","22":"instock","23":"sale","24":"shipping-taxable","25":"purchasable","26":"product-type-variable"},"jetpack_sharing_enabled":true,"_links":{"self":[{"href":"https:\/\/www.deporteseli.com\/index.php?rest_route=\/wp\/v2\/product\/41938","targetHints":{"allow":["GET"]}}],"collection":[{"href":"https:\/\/www.deporteseli.com\/index.php?rest_route=\/wp\/v2\/product"}],"about":[{"href":"https:\/\/www.deporteseli.com\/index.php?rest_route=\/wp\/v2\/types\/product"}],"wp:featuredmedia":[{"embeddable":true,"href":"https:\/\/www.deporteseli.com\/index.php?rest_route=\/wp\/v2\/media\/55497"}],"wp:attachment":[{"href":"https:\/\/www.deporteseli.com\/index.php?rest_route=%2Fwp%2Fv2%2Fmedia&parent=41938"}],"wp:term":[{"taxonomy":"product_brand","embeddable":true,"href":"https:\/\/www.deporteseli.com\/index.php?rest_route=%2Fwp%2Fv2%2Fproduct_brand&post=41938"},{"taxonomy":"product_cat","embeddable":true,"href":"https:\/\/www.deporteseli.com\/index.php?rest_route=%2Fwp%2Fv2%2Fproduct_cat&post=41938"},{"taxonomy":"product_tag","embeddable":true,"href":"https:\/\/www.deporteseli.com\/index.php?rest_route=%2Fwp%2Fv2%2Fproduct_tag&post=41938"}],"curies":[{"name":"wp","href":"https:\/\/api.w.org\/{rel}","templated":true}]}}