{"id":41931,"date":"2026-01-27T19:29:06","date_gmt":"2026-01-27T19:29:06","guid":{"rendered":"https:\/\/www.deporteseli.com\/?product=zapatillas-nike-revolution-7-2"},"modified":"2026-03-28T05:19:11","modified_gmt":"2026-03-28T05:19:11","slug":"zapatillas-nike-revolution-7-2","status":"publish","type":"product","link":"https:\/\/www.deporteseli.com\/?product=zapatillas-nike-revolution-7-2","title":{"rendered":"ZAPATILLAS NIKE REVOLUTION 7"},"content":{"rendered":"<p>DESCRIPCI\u00d3N  Nike Revolution 7  Zapatillas de running para asfalto &#8211; Hombre  \u00bfDices que quieres las Revolution 7? Ya sabes que tienen una amortiguaci\u00f3n suave y una sujeci\u00f3n que podr\u00edan cambiar tu sesiones de running. Son m\u00e1s elegantes que nunca, muy c\u00f3modas cuando la goma golpea el asfalto y con gran rendimiento en cuanto al ritmo que deseas. Una evoluci\u00f3n de las zapatillas favoritas de los fans con una pisada suave que no te falla en ning\u00fan momento.    Pisada de espuma  Mediasuela de espuma ofrece una pisada m\u00e1s suave que las Revolution 6. Un poco m\u00e1s de espacio en el antepi\u00e9 para que los dedos no aprieten ni pellizquen los dedos.  Suavidad al tacto  Relieves en el tal\u00f3n que son visibles en la parte exterior de las zapatillas y gran comodidad alrededor del tend\u00f3n de Aquiles en el interior. Suaves al tacto con peque\u00f1as presiones satisfactorias al pon\u00e9rtelas. Puntos de contacto en la leng\u00fceta para crear una sensaci\u00f3n natural al despegar.  Con agarre para mayor seguridad  Suela exterior con patr\u00f3n de tracci\u00f3n generativa que se combina con unas leng\u00fcetas de goma que ofrecen un agarre excelente tanto en las subidas como en las bajadas.    Composici\u00f3n y detalles del producto:    Este producto se ha confeccionado con, al menos, un 20 % de materiales reciclados    Tacto suave    Agregamos puffs en el tal\u00f3n que son visibles en el exterior del zapato. Son suaves al tacto y ayudan a agregar comodidad a tu tend\u00f3n de Aquiles. Los puntos de contacto en la leng\u00fceta crean una sensaci\u00f3n natural al despegar.    Agarre tranquilizador    La suela tiene un patr\u00f3n de tracci\u00f3n generativa que se combina con tacos de goma para brindarte agarre al subir o bajar una pendiente.    Cuidados    No meter en lavadora.  Limpiar con un trapo h\u00famedo.  No usar lej\u00eda.  No usar secadora.                                                                                                                                                                                                                                                                                                                                                                                                                                                                                                                                                                                                                                                                                                                                                                                                                                                                                                                                                                                                                                        <\/p>\n","protected":false},"excerpt":{"rendered":"<p>ZAPATILLAS NIKE REVOLUTION 7<\/p>\n","protected":false},"featured_media":55492,"template":"","meta":[],"product_brand":[],"product_cat":[259],"product_tag":[37],"class_list":{"0":"post-41931","1":"product","2":"type-product","3":"status-publish","4":"has-post-thumbnail","6":"product_cat-hombre_calzado_running","7":"product_tag-nike","8":"pa_color-blanco","9":"pa_talla-149","10":"pa_talla-151","11":"pa_talla-153","12":"pa_talla-155","13":"pa_talla-157","14":"pa_talla-159","15":"thunk-woo-product-list","16":"opn-qv-enable","17":"open-woo-hover-","18":"open-single-product-tab-horizontal","19":"open-shadow-","20":"open-shadow-hover-","22":"first","23":"instock","24":"sale","25":"shipping-taxable","26":"purchasable","27":"product-type-variable"},"jetpack_sharing_enabled":true,"_links":{"self":[{"href":"https:\/\/www.deporteseli.com\/index.php?rest_route=\/wp\/v2\/product\/41931","targetHints":{"allow":["GET"]}}],"collection":[{"href":"https:\/\/www.deporteseli.com\/index.php?rest_route=\/wp\/v2\/product"}],"about":[{"href":"https:\/\/www.deporteseli.com\/index.php?rest_route=\/wp\/v2\/types\/product"}],"wp:featuredmedia":[{"embeddable":true,"href":"https:\/\/www.deporteseli.com\/index.php?rest_route=\/wp\/v2\/media\/55492"}],"wp:attachment":[{"href":"https:\/\/www.deporteseli.com\/index.php?rest_route=%2Fwp%2Fv2%2Fmedia&parent=41931"}],"wp:term":[{"taxonomy":"product_brand","embeddable":true,"href":"https:\/\/www.deporteseli.com\/index.php?rest_route=%2Fwp%2Fv2%2Fproduct_brand&post=41931"},{"taxonomy":"product_cat","embeddable":true,"href":"https:\/\/www.deporteseli.com\/index.php?rest_route=%2Fwp%2Fv2%2Fproduct_cat&post=41931"},{"taxonomy":"product_tag","embeddable":true,"href":"https:\/\/www.deporteseli.com\/index.php?rest_route=%2Fwp%2Fv2%2Fproduct_tag&post=41931"}],"curies":[{"name":"wp","href":"https:\/\/api.w.org\/{rel}","templated":true}]}}