{"id":41917,"date":"2026-01-27T19:28:44","date_gmt":"2026-01-27T19:28:44","guid":{"rendered":"https:\/\/www.deporteseli.com\/?product=botella-performance-750-ml"},"modified":"2026-01-27T19:28:46","modified_gmt":"2026-01-27T19:28:46","slug":"botella-performance-750-ml","status":"publish","type":"product","link":"https:\/\/www.deporteseli.com\/?product=botella-performance-750-ml","title":{"rendered":"BOTELLA PERFORMANCE 750 ML"},"content":{"rendered":"<p>Descripci\u00f3n    \u00bfHas bebido suficiente agua? Controla tu nivel de hidrataci\u00f3n gracias al medidor lateral de este bid\u00f3n adidas Performance. Es muy sencillo de transportar, sujetar y rellenar. Cuando termines de entrenar, m\u00e9telo en el lavavajillas y listo.  Grupo de Edad  :  Adulto  Linea MRKT Corp  :  Sport Performance  Categoria Deporte  :  Training  Segmento  :  Bottle  Tipo de Producto  :  Botella  Categoria Linea Mrkt  :  Training Accessories  Composicion  :  100% Polietileno, Capacidad: 750 ml, 100% PE moldeado por inyecci\u00f3n, Sin bisfenol A, Boquilla de TPU,  Deporte B2B  :  Gimnasio Y Entrenamiento  Color  :  Rojo  Genero  :  Unisex                                                                                                                                                                                                                                                                                                                                                                                                                                                                                                                                                                                                                                                                                                                                                                                                                                                                                                                                                                                                                                        <\/p>\n","protected":false},"excerpt":{"rendered":"<p>BOTELLA PERFORMANCE 750 ML<\/p>\n","protected":false},"featured_media":55481,"template":"","meta":[],"product_brand":[],"product_cat":[409],"product_tag":[18],"class_list":{"0":"post-41917","1":"product","2":"type-product","3":"status-publish","4":"has-post-thumbnail","6":"product_cat-accesorios_botellas","7":"product_tag-adidas","8":"pa_color-unico","9":"pa_talla-unica","10":"thunk-woo-product-list","11":"opn-qv-enable","12":"open-woo-hover-","13":"open-single-product-tab-horizontal","14":"open-shadow-","15":"open-shadow-hover-","17":"first","18":"instock","19":"shipping-taxable","20":"purchasable","21":"product-type-variable"},"jetpack_sharing_enabled":true,"_links":{"self":[{"href":"https:\/\/www.deporteseli.com\/index.php?rest_route=\/wp\/v2\/product\/41917","targetHints":{"allow":["GET"]}}],"collection":[{"href":"https:\/\/www.deporteseli.com\/index.php?rest_route=\/wp\/v2\/product"}],"about":[{"href":"https:\/\/www.deporteseli.com\/index.php?rest_route=\/wp\/v2\/types\/product"}],"wp:featuredmedia":[{"embeddable":true,"href":"https:\/\/www.deporteseli.com\/index.php?rest_route=\/wp\/v2\/media\/55481"}],"wp:attachment":[{"href":"https:\/\/www.deporteseli.com\/index.php?rest_route=%2Fwp%2Fv2%2Fmedia&parent=41917"}],"wp:term":[{"taxonomy":"product_brand","embeddable":true,"href":"https:\/\/www.deporteseli.com\/index.php?rest_route=%2Fwp%2Fv2%2Fproduct_brand&post=41917"},{"taxonomy":"product_cat","embeddable":true,"href":"https:\/\/www.deporteseli.com\/index.php?rest_route=%2Fwp%2Fv2%2Fproduct_cat&post=41917"},{"taxonomy":"product_tag","embeddable":true,"href":"https:\/\/www.deporteseli.com\/index.php?rest_route=%2Fwp%2Fv2%2Fproduct_tag&post=41917"}],"curies":[{"name":"wp","href":"https:\/\/api.w.org\/{rel}","templated":true}]}}