{"id":41914,"date":"2026-01-27T19:28:33","date_gmt":"2026-01-27T19:28:33","guid":{"rendered":"https:\/\/www.deporteseli.com\/?product=wilson-rush-pro-lite"},"modified":"2026-01-27T19:28:37","modified_gmt":"2026-01-27T19:28:37","slug":"wilson-rush-pro-lite","status":"publish","type":"product","link":"https:\/\/www.deporteseli.com\/?product=wilson-rush-pro-lite","title":{"rendered":"WILSON RUSH PRO LITE"},"content":{"rendered":"<p>Zapatillas Wilson Rush Pro Lite Verde de dise\u00f1o elegante con suela curva para mejor transici\u00f3n de la pisada. Con puntera m\u00e1s ancha para mayor comfort. Suela clay.                                                                                                                                                                                                                                                                                                                                                                                                                                                                                                                                                                                                                                                                                                                                                                                                                                                                                                                                                                                                                                        <\/p>\n","protected":false},"excerpt":{"rendered":"<p>WILSON RUSH PRO LITE<\/p>\n","protected":false},"featured_media":55476,"template":"","meta":[],"product_brand":[],"product_cat":[371],"product_tag":[57],"class_list":{"0":"post-41914","1":"product","2":"type-product","3":"status-publish","4":"has-post-thumbnail","6":"product_cat-padel_y_tenis_calzado","7":"product_tag-wilson","8":"pa_color-unico","9":"pa_talla-42-5","10":"pa_talla-43-5","11":"thunk-woo-product-list","12":"opn-qv-enable","13":"open-woo-hover-","14":"open-single-product-tab-horizontal","15":"open-shadow-","16":"open-shadow-hover-","18":"first","19":"instock","20":"sale","21":"shipping-taxable","22":"purchasable","23":"product-type-variable"},"jetpack_sharing_enabled":true,"_links":{"self":[{"href":"https:\/\/www.deporteseli.com\/index.php?rest_route=\/wp\/v2\/product\/41914","targetHints":{"allow":["GET"]}}],"collection":[{"href":"https:\/\/www.deporteseli.com\/index.php?rest_route=\/wp\/v2\/product"}],"about":[{"href":"https:\/\/www.deporteseli.com\/index.php?rest_route=\/wp\/v2\/types\/product"}],"wp:featuredmedia":[{"embeddable":true,"href":"https:\/\/www.deporteseli.com\/index.php?rest_route=\/wp\/v2\/media\/55476"}],"wp:attachment":[{"href":"https:\/\/www.deporteseli.com\/index.php?rest_route=%2Fwp%2Fv2%2Fmedia&parent=41914"}],"wp:term":[{"taxonomy":"product_brand","embeddable":true,"href":"https:\/\/www.deporteseli.com\/index.php?rest_route=%2Fwp%2Fv2%2Fproduct_brand&post=41914"},{"taxonomy":"product_cat","embeddable":true,"href":"https:\/\/www.deporteseli.com\/index.php?rest_route=%2Fwp%2Fv2%2Fproduct_cat&post=41914"},{"taxonomy":"product_tag","embeddable":true,"href":"https:\/\/www.deporteseli.com\/index.php?rest_route=%2Fwp%2Fv2%2Fproduct_tag&post=41914"}],"curies":[{"name":"wp","href":"https:\/\/api.w.org\/{rel}","templated":true}]}}