{"id":41913,"date":"2026-01-27T19:28:31","date_gmt":"2026-01-27T19:28:31","guid":{"rendered":"https:\/\/www.deporteseli.com\/?product=bote-de-pelotas-wilson-premier-padel"},"modified":"2026-01-27T19:28:31","modified_gmt":"2026-01-27T19:28:31","slug":"bote-de-pelotas-wilson-premier-padel","status":"publish","type":"product","link":"https:\/\/www.deporteseli.com\/?product=bote-de-pelotas-wilson-premier-padel","title":{"rendered":"BOTE DE PELOTAS WILSON PREMIER PADEL"},"content":{"rendered":"<p>La pelota de Wilson Premier Padel, es la primera bola Oficial del torneo por excelencia, la Premier Padel.  Esta pelota esta de Padel ha sido creada para ofrecer una buena durabilidad. Dedicada a aquellos jugadores que buscan una pelota de velocidad media, o para partidos jugados en superficies r\u00e1pidas.    Detalles    Pelota para pista r\u00e1pida y zonas de altitud superior a 600 metros  Ideal para zonas de climas m\u00e1s c\u00e1lidos  Pelota de velocidad normal y buena durabilidad  Esta pelota colabora con la reducci\u00f3n de pl\u00e1stico en el medio ambiente  El bote contiene 3 bolas  Color: Amarillo  Referencia: WR8908401                                                                                                                                                                                                                                                                                                                                                                                                                                                                                                                                                                                                                                                                                                                                                                                                                                                                                                                                                                                                                                        <\/p>\n","protected":false},"excerpt":{"rendered":"<p>BOTE DE PELOTAS WILSON PREMIER PADEL<\/p>\n","protected":false},"featured_media":55474,"template":"","meta":[],"product_brand":[],"product_cat":[356],"product_tag":[57],"class_list":{"0":"post-41913","1":"product","2":"type-product","3":"status-publish","4":"has-post-thumbnail","6":"product_cat-padel_y_tenis_bolas","7":"product_tag-wilson","8":"thunk-woo-product-list","9":"opn-qv-enable","10":"open-woo-hover-","11":"open-single-product-tab-horizontal","12":"open-shadow-","13":"open-shadow-hover-","15":"first","16":"instock","17":"shipping-taxable","18":"purchasable","19":"product-type-simple"},"jetpack_sharing_enabled":true,"_links":{"self":[{"href":"https:\/\/www.deporteseli.com\/index.php?rest_route=\/wp\/v2\/product\/41913","targetHints":{"allow":["GET"]}}],"collection":[{"href":"https:\/\/www.deporteseli.com\/index.php?rest_route=\/wp\/v2\/product"}],"about":[{"href":"https:\/\/www.deporteseli.com\/index.php?rest_route=\/wp\/v2\/types\/product"}],"wp:featuredmedia":[{"embeddable":true,"href":"https:\/\/www.deporteseli.com\/index.php?rest_route=\/wp\/v2\/media\/55474"}],"wp:attachment":[{"href":"https:\/\/www.deporteseli.com\/index.php?rest_route=%2Fwp%2Fv2%2Fmedia&parent=41913"}],"wp:term":[{"taxonomy":"product_brand","embeddable":true,"href":"https:\/\/www.deporteseli.com\/index.php?rest_route=%2Fwp%2Fv2%2Fproduct_brand&post=41913"},{"taxonomy":"product_cat","embeddable":true,"href":"https:\/\/www.deporteseli.com\/index.php?rest_route=%2Fwp%2Fv2%2Fproduct_cat&post=41913"},{"taxonomy":"product_tag","embeddable":true,"href":"https:\/\/www.deporteseli.com\/index.php?rest_route=%2Fwp%2Fv2%2Fproduct_tag&post=41913"}],"curies":[{"name":"wp","href":"https:\/\/api.w.org\/{rel}","templated":true}]}}