{"id":41903,"date":"2026-01-27T19:28:19","date_gmt":"2026-01-27T19:28:19","guid":{"rendered":"https:\/\/www.deporteseli.com\/?product=botas-nike-fn5927-300"},"modified":"2026-01-27T19:28:31","modified_gmt":"2026-01-27T19:28:31","slug":"botas-nike-fn5927-300","status":"publish","type":"product","link":"https:\/\/www.deporteseli.com\/?product=botas-nike-fn5927-300","title":{"rendered":"BOTAS NIKE FN5927-300"},"content":{"rendered":"<p>  Hemos dise\u00f1ado las botas Academy para los jugadores que buscan llevar su juego al siguiente nivel. El modelo celebra el 30 aniversario de las Legend con una parte superior acolchada y colores intemporales inspirados en el ADN de Nike Soccer. La tecnolog\u00eda FlyTouch Lite mejora el toque del bal\u00f3n para que dejes tu huella durante las pr\u00f3ximas tres d\u00e9cadas.      Toque mejorado    \u00bfVes los micropuntos de la parte superior? Sirven para mejorar las zonas de contacto al pasar, tirar y regatear. Ofrecen un look m\u00e1s elegante y cuentan con un acolchado adicional. Y lo mejor es que no sacrifican el control del bal\u00f3n que deseas en el campo. Hemos reducido las almohadillas de espuma de las Tiempo 9 para acercar el pie al bal\u00f3n cuando lo tienes en tu poder. En su lugar, hemos moldeado las l\u00edneas en el dise\u00f1o.      Ajuste natural y adaptable    La piel mejorada FlyTouch Lite es incre\u00edblemente suave. Ayuda a que las botas se adapten al pie para ofrecer mayor comodidad sin exceso de elasticidad. El dise\u00f1o de la leng\u00fceta con acolchado adicional ofrece una mayor seguridad y comodidad en las zonas clave. Forro de microfibra para un tacto premium.      Tracci\u00f3n para las superficies de moqueta &#8211; Turf    Suela exterior de goma para una mayor tracci\u00f3n sobre moqueta &#8211; Turf.      Detalles del producto    Para superficies sint\u00e9ticas de tama\u00f1o reducido  Suela interior amortiguada  Color mostrado: Dark Atomic Teal\/Sail  Modelo: FN5927-300                                                                                                                                                                                                                                                                                                                                                                                                                                                                                                                                                                                                                                                                                                                                                                                                                                                                                                                                                                                                                                        <\/p>\n","protected":false},"excerpt":{"rendered":"<p>BOTAS NIKE FN5927-300<\/p>\n","protected":false},"featured_media":55470,"template":"","meta":[],"product_brand":[],"product_cat":[318],"product_tag":[37],"class_list":{"0":"post-41903","1":"product","2":"type-product","3":"status-publish","4":"has-post-thumbnail","6":"product_cat-deportes_futbol_botas","7":"product_tag-nike","8":"pa_color-verde","9":"pa_talla-133","10":"pa_talla-135","11":"pa_talla-137","12":"pa_talla-139","13":"pa_talla-35-5","14":"pa_talla-36-5","15":"pa_talla-37-5","16":"pa_talla-145","17":"pa_talla-38-5","18":"thunk-woo-product-list","19":"opn-qv-enable","20":"open-woo-hover-","21":"open-single-product-tab-horizontal","22":"open-shadow-","23":"open-shadow-hover-","25":"first","26":"instock","27":"sale","28":"shipping-taxable","29":"purchasable","30":"product-type-variable"},"jetpack_sharing_enabled":true,"_links":{"self":[{"href":"https:\/\/www.deporteseli.com\/index.php?rest_route=\/wp\/v2\/product\/41903","targetHints":{"allow":["GET"]}}],"collection":[{"href":"https:\/\/www.deporteseli.com\/index.php?rest_route=\/wp\/v2\/product"}],"about":[{"href":"https:\/\/www.deporteseli.com\/index.php?rest_route=\/wp\/v2\/types\/product"}],"wp:featuredmedia":[{"embeddable":true,"href":"https:\/\/www.deporteseli.com\/index.php?rest_route=\/wp\/v2\/media\/55470"}],"wp:attachment":[{"href":"https:\/\/www.deporteseli.com\/index.php?rest_route=%2Fwp%2Fv2%2Fmedia&parent=41903"}],"wp:term":[{"taxonomy":"product_brand","embeddable":true,"href":"https:\/\/www.deporteseli.com\/index.php?rest_route=%2Fwp%2Fv2%2Fproduct_brand&post=41903"},{"taxonomy":"product_cat","embeddable":true,"href":"https:\/\/www.deporteseli.com\/index.php?rest_route=%2Fwp%2Fv2%2Fproduct_cat&post=41903"},{"taxonomy":"product_tag","embeddable":true,"href":"https:\/\/www.deporteseli.com\/index.php?rest_route=%2Fwp%2Fv2%2Fproduct_tag&post=41903"}],"curies":[{"name":"wp","href":"https:\/\/api.w.org\/{rel}","templated":true}]}}