{"id":41900,"date":"2026-01-27T19:28:14","date_gmt":"2026-01-27T19:28:14","guid":{"rendered":"https:\/\/www.deporteseli.com\/?product=malla-nike-fn4984-547"},"modified":"2026-03-07T05:56:07","modified_gmt":"2026-03-07T05:56:07","slug":"malla-nike-fn4984-547","status":"publish","type":"product","link":"https:\/\/www.deporteseli.com\/?product=malla-nike-fn4984-547","title":{"rendered":"MALLA NIKE FN4984-547"},"content":{"rendered":"<p>Ponte a prueba incluso en tus momentos m\u00e1s sudorosos. Con tecnolog\u00eda que absorbe la humedad para ayudarte a mantenerte seco y fresco, puedes superar los l\u00edmites sinti\u00e9ndote preparado para todo. Los gr\u00e1ficos llamativos combinan con la intensidad de tu entrenamiento, mientras que la tela liviana y el\u00e1stica te ayuda a sentirte c\u00f3modo en todos tus movimientos.                                                                                                                                                                                                                                                                                                                                                                                                                                                                                                                                                                                                                                                                                                                                                                                                                                                                                                                                                                                                                                        <\/p>\n","protected":false},"excerpt":{"rendered":"<p>MALLA NIKE FN4984-547<\/p>\n","protected":false},"featured_media":55465,"template":"","meta":[],"product_brand":[],"product_cat":[281],"product_tag":[37],"class_list":{"0":"post-41900","1":"product","2":"type-product","3":"status-publish","4":"has-post-thumbnail","6":"product_cat-mujer_textil_mallas","7":"product_tag-nike","8":"pa_color-unico","9":"pa_talla-m","10":"pa_talla-xs","11":"thunk-woo-product-list","12":"opn-qv-enable","13":"open-woo-hover-","14":"open-single-product-tab-horizontal","15":"open-shadow-","16":"open-shadow-hover-","18":"first","19":"instock","20":"shipping-taxable","21":"purchasable","22":"product-type-variable"},"jetpack_sharing_enabled":true,"_links":{"self":[{"href":"https:\/\/www.deporteseli.com\/index.php?rest_route=\/wp\/v2\/product\/41900","targetHints":{"allow":["GET"]}}],"collection":[{"href":"https:\/\/www.deporteseli.com\/index.php?rest_route=\/wp\/v2\/product"}],"about":[{"href":"https:\/\/www.deporteseli.com\/index.php?rest_route=\/wp\/v2\/types\/product"}],"wp:featuredmedia":[{"embeddable":true,"href":"https:\/\/www.deporteseli.com\/index.php?rest_route=\/wp\/v2\/media\/55465"}],"wp:attachment":[{"href":"https:\/\/www.deporteseli.com\/index.php?rest_route=%2Fwp%2Fv2%2Fmedia&parent=41900"}],"wp:term":[{"taxonomy":"product_brand","embeddable":true,"href":"https:\/\/www.deporteseli.com\/index.php?rest_route=%2Fwp%2Fv2%2Fproduct_brand&post=41900"},{"taxonomy":"product_cat","embeddable":true,"href":"https:\/\/www.deporteseli.com\/index.php?rest_route=%2Fwp%2Fv2%2Fproduct_cat&post=41900"},{"taxonomy":"product_tag","embeddable":true,"href":"https:\/\/www.deporteseli.com\/index.php?rest_route=%2Fwp%2Fv2%2Fproduct_tag&post=41900"}],"curies":[{"name":"wp","href":"https:\/\/api.w.org\/{rel}","templated":true}]}}