{"id":41895,"date":"2026-01-27T19:28:08","date_gmt":"2026-01-27T19:28:08","guid":{"rendered":"https:\/\/www.deporteseli.com\/?product=camisa-nike-dx7906-113"},"modified":"2026-03-07T05:56:04","modified_gmt":"2026-03-07T05:56:04","slug":"camisa-nike-dx7906-113","status":"publish","type":"product","link":"https:\/\/www.deporteseli.com\/?product=camisa-nike-dx7906-113","title":{"rendered":"CAMISA NIKE DX7906-113"},"content":{"rendered":"<p>Descripci\u00f3n del Producto  Actualizamos nuestras camisetas Club Essentials para darles un calce f\u00e1cil. Un cuerpo m\u00e1s corto y espacioso y un dobladillo ligeramente curvado le dan a este top siempre c\u00f3modo un aspecto renovado.         Beneficios    La tela de algod\u00f3n de uso diario se siente suave y liviana.  La silueta de camiseta de corte cl\u00e1sico se relaja en el cuerpo y las caderas.       Detalles de producto    50-100% algod\u00f3n\/0-50% poli\u00e9ster  Los porcentajes de material pueden variar. Consulte la etiqueta para ver el contenido real.  Logotipo de Futura impreso.  Lavar a maquina  Importado  Color que se muestra: Negro\/Blanco  Estilo: DX7906-010                                                                                                                                                                                                                                                                                                                                                                                                                                                                                                                                                                                                                                                                                                                                                                                                                                                                                                                                                                                                                                        <\/p>\n","protected":false},"excerpt":{"rendered":"<p>CAMISA NIKE DX7906-113<\/p>\n","protected":false},"featured_media":55464,"template":"","meta":[],"product_brand":[],"product_cat":[269],"product_tag":[37],"class_list":{"0":"post-41895","1":"product","2":"type-product","3":"status-publish","4":"has-post-thumbnail","6":"product_cat-mujer_textil_camisetas","7":"product_tag-nike","8":"pa_color-beige","9":"pa_talla-l","10":"pa_talla-m","11":"pa_talla-xl","12":"pa_talla-xs","13":"thunk-woo-product-list","14":"opn-qv-enable","15":"open-woo-hover-","16":"open-single-product-tab-horizontal","17":"open-shadow-","18":"open-shadow-hover-","20":"first","21":"instock","22":"shipping-taxable","23":"purchasable","24":"product-type-variable"},"jetpack_sharing_enabled":true,"_links":{"self":[{"href":"https:\/\/www.deporteseli.com\/index.php?rest_route=\/wp\/v2\/product\/41895","targetHints":{"allow":["GET"]}}],"collection":[{"href":"https:\/\/www.deporteseli.com\/index.php?rest_route=\/wp\/v2\/product"}],"about":[{"href":"https:\/\/www.deporteseli.com\/index.php?rest_route=\/wp\/v2\/types\/product"}],"wp:featuredmedia":[{"embeddable":true,"href":"https:\/\/www.deporteseli.com\/index.php?rest_route=\/wp\/v2\/media\/55464"}],"wp:attachment":[{"href":"https:\/\/www.deporteseli.com\/index.php?rest_route=%2Fwp%2Fv2%2Fmedia&parent=41895"}],"wp:term":[{"taxonomy":"product_brand","embeddable":true,"href":"https:\/\/www.deporteseli.com\/index.php?rest_route=%2Fwp%2Fv2%2Fproduct_brand&post=41895"},{"taxonomy":"product_cat","embeddable":true,"href":"https:\/\/www.deporteseli.com\/index.php?rest_route=%2Fwp%2Fv2%2Fproduct_cat&post=41895"},{"taxonomy":"product_tag","embeddable":true,"href":"https:\/\/www.deporteseli.com\/index.php?rest_route=%2Fwp%2Fv2%2Fproduct_tag&post=41895"}],"curies":[{"name":"wp","href":"https:\/\/api.w.org\/{rel}","templated":true}]}}