{"id":41893,"date":"2026-01-27T19:28:06","date_gmt":"2026-01-27T19:28:06","guid":{"rendered":"https:\/\/www.deporteseli.com\/?product=mochila-nike-dr6084-621"},"modified":"2026-02-12T13:29:32","modified_gmt":"2026-02-12T13:29:32","slug":"mochila-nike-dr6084-621","status":"publish","type":"product","link":"https:\/\/www.deporteseli.com\/?product=mochila-nike-dr6084-621","title":{"rendered":"MOCHILA NIKE DR6084-621"},"content":{"rendered":"<p>Tanto para ir al colegio como para salir con amigos despu\u00e9s de clase, esta mochila ofrece el espacio necesario para hacer frente a todo. Esta bolsa cuenta con un bolsillo lateral de gran tama\u00f1o para las botellas de agua y un bolsillo delantero para guardar objetos de f\u00e1cil acceso. Correas acolchadas regulables para llevar esta bolsa de manera c\u00f3moda y sencilla.      Ventajas    Incluye un estuche para l\u00e1pices grande conectado por un clip de seguridad.  Compartimento principal con cremallera doble para facilitar la apertura.  Asa de agarre para disfrutar de una opci\u00f3n de transporte alternativa.    Detalles del producto    46 x 30 x 13 cm (alto x ancho x profundidad)  100 % poli\u00e9ster  Limpiar tan solo las manchas  De importaci\u00f3n  Color mostrado: Pink Rise\/Terra Blush\/Terra Blush  Modelo: DR6084-621                                                                                                                                                                                                                                                                                                                                                                                                                                                                                                                                                                                                                                                                                                                                                                                                                                                                                                                                                                                                                                        <\/p>\n","protected":false},"excerpt":{"rendered":"<p>MOCHILA NIKE DR6084-621<\/p>\n","protected":false},"featured_media":55460,"template":"","meta":[],"product_brand":[],"product_cat":[401],"product_tag":[37],"class_list":{"0":"post-41893","1":"product","2":"type-product","3":"status-publish","4":"has-post-thumbnail","6":"product_cat-accesorios_mochilas","7":"product_tag-nike","8":"pa_color-rosa","9":"pa_talla-unica","10":"thunk-woo-product-list","11":"opn-qv-enable","12":"open-woo-hover-","13":"open-single-product-tab-horizontal","14":"open-shadow-","15":"open-shadow-hover-","17":"first","18":"instock","19":"shipping-taxable","20":"purchasable","21":"product-type-variable"},"jetpack_sharing_enabled":true,"_links":{"self":[{"href":"https:\/\/www.deporteseli.com\/index.php?rest_route=\/wp\/v2\/product\/41893","targetHints":{"allow":["GET"]}}],"collection":[{"href":"https:\/\/www.deporteseli.com\/index.php?rest_route=\/wp\/v2\/product"}],"about":[{"href":"https:\/\/www.deporteseli.com\/index.php?rest_route=\/wp\/v2\/types\/product"}],"wp:featuredmedia":[{"embeddable":true,"href":"https:\/\/www.deporteseli.com\/index.php?rest_route=\/wp\/v2\/media\/55460"}],"wp:attachment":[{"href":"https:\/\/www.deporteseli.com\/index.php?rest_route=%2Fwp%2Fv2%2Fmedia&parent=41893"}],"wp:term":[{"taxonomy":"product_brand","embeddable":true,"href":"https:\/\/www.deporteseli.com\/index.php?rest_route=%2Fwp%2Fv2%2Fproduct_brand&post=41893"},{"taxonomy":"product_cat","embeddable":true,"href":"https:\/\/www.deporteseli.com\/index.php?rest_route=%2Fwp%2Fv2%2Fproduct_cat&post=41893"},{"taxonomy":"product_tag","embeddable":true,"href":"https:\/\/www.deporteseli.com\/index.php?rest_route=%2Fwp%2Fv2%2Fproduct_tag&post=41893"}],"curies":[{"name":"wp","href":"https:\/\/api.w.org\/{rel}","templated":true}]}}