{"id":41854,"date":"2026-01-27T19:27:15","date_gmt":"2026-01-27T19:27:15","guid":{"rendered":"https:\/\/www.deporteseli.com\/?product=paletero-head-261164"},"modified":"2026-01-27T19:27:15","modified_gmt":"2026-01-27T19:27:15","slug":"paletero-head-261164","status":"publish","type":"product","link":"https:\/\/www.deporteseli.com\/?product=paletero-head-261164","title":{"rendered":"PALETERO HEAD 261164"},"content":{"rendered":"<p>El paletero Head Tour Logo L, fabricado con materiales premium y con un dise\u00f1o elegante, te permitir\u00e1 llevar a la pista hasta 9 palas y todo el equipamiento necesario para el partido.  Detalles:    Dos bolsillos con cremallera, uno de ellos con aislamiento t\u00e9rmico para proteger las raquetas de los cambios bruscos de temperatura  Gran compartimento central con bolsillo interno para efectos personales m\u00e1s peque\u00f1os  Bolsillo lateral con cremallera para accesorios  Bolsillo con cremallera para zapatos  Dos correas acolchadas y ajustables para llevar la mochila c\u00f3modamente  Asa para llevar en la mano  Asa lateral  Volumen: 40 L  Dimensiones (L x A x P): 60 x 28.5 x 36.5 cm  Logo Head impreso  Material: 60% poli\u00e9ster, 40% poliuretano  Clima Control Technology  La tecnolog\u00eda Clima Control proporciona una capa t\u00e9rmica dentro de la bolsa que protege las raquetas de temperaturas extremas.                                                                                                                                                                                                                                                                                                                                                                                                                                                                                                                                                                                                                                                                                                                                                                                                                                                                                                                                                                                                                                        <\/p>\n","protected":false},"excerpt":{"rendered":"<p>PALETERO HEAD 261164<\/p>\n","protected":false},"featured_media":55450,"template":"","meta":[],"product_brand":[],"product_cat":[354],"product_tag":[22],"class_list":{"0":"post-41854","1":"product","2":"type-product","3":"status-publish","4":"has-post-thumbnail","6":"product_cat-padel_y_tenis_paleteros","7":"product_tag-head","8":"thunk-woo-product-list","9":"opn-qv-enable","10":"open-woo-hover-","11":"open-single-product-tab-horizontal","12":"open-shadow-","13":"open-shadow-hover-","15":"first","16":"instock","17":"sale","18":"shipping-taxable","19":"purchasable","20":"product-type-simple"},"jetpack_sharing_enabled":true,"_links":{"self":[{"href":"https:\/\/www.deporteseli.com\/index.php?rest_route=\/wp\/v2\/product\/41854","targetHints":{"allow":["GET"]}}],"collection":[{"href":"https:\/\/www.deporteseli.com\/index.php?rest_route=\/wp\/v2\/product"}],"about":[{"href":"https:\/\/www.deporteseli.com\/index.php?rest_route=\/wp\/v2\/types\/product"}],"wp:featuredmedia":[{"embeddable":true,"href":"https:\/\/www.deporteseli.com\/index.php?rest_route=\/wp\/v2\/media\/55450"}],"wp:attachment":[{"href":"https:\/\/www.deporteseli.com\/index.php?rest_route=%2Fwp%2Fv2%2Fmedia&parent=41854"}],"wp:term":[{"taxonomy":"product_brand","embeddable":true,"href":"https:\/\/www.deporteseli.com\/index.php?rest_route=%2Fwp%2Fv2%2Fproduct_brand&post=41854"},{"taxonomy":"product_cat","embeddable":true,"href":"https:\/\/www.deporteseli.com\/index.php?rest_route=%2Fwp%2Fv2%2Fproduct_cat&post=41854"},{"taxonomy":"product_tag","embeddable":true,"href":"https:\/\/www.deporteseli.com\/index.php?rest_route=%2Fwp%2Fv2%2Fproduct_tag&post=41854"}],"curies":[{"name":"wp","href":"https:\/\/api.w.org\/{rel}","templated":true}]}}