{"id":41843,"date":"2026-01-27T19:27:01","date_gmt":"2026-01-27T19:27:01","guid":{"rendered":"https:\/\/www.deporteseli.com\/?product=camiseta-essentials-3-rayas-algodon"},"modified":"2026-03-07T05:55:20","modified_gmt":"2026-03-07T05:55:20","slug":"camiseta-essentials-3-rayas-algodon","status":"publish","type":"product","link":"https:\/\/www.deporteseli.com\/?product=camiseta-essentials-3-rayas-algodon","title":{"rendered":"CAMISETA ESSENTIALS 3 RAYAS ALGOD\u00f3N"},"content":{"rendered":"<p>CAMISETA ESSENTIALS 3 RAYAS ALGOD\u00d3N  UNA CAMISETA B\u00c1SICA Y LIVIANA PARA USAR A DIARIO  No hay nada como una camiseta que te permita salir de casa con la cabeza en alto. Esta camiseta adidas para j\u00f3venes deportistas est\u00e1 confeccionada en un tejido de algod\u00f3n suave que ofrece una gran comodidad y ligereza. Las 3 Rayas cosidas a lo largo de las mangas le imprimen un toque cl\u00e1sico. Nuestros productos de algod\u00f3n apoyan el cultivo de algod\u00f3n sostenible.  Detalles Del Producto  Ajuste cl\u00e1sico  Cuello redondo acanalado  Tejido de punto jersey 100 % algod\u00f3n  Producto hecho con Better Cotton                                                                                                                                                                                                                                                                                                                                                                                                                                                                                                                                                                                                                                                                                                                                                                                                                                                                                                                                                                                                                                        <\/p>\n","protected":false},"excerpt":{"rendered":"<p>CAMISETA ESSENTIALS 3 RAYAS ALGOD\u00f3N<\/p>\n","protected":false},"featured_media":55438,"template":"","meta":[],"product_brand":[],"product_cat":[296],"product_tag":[18],"class_list":{"0":"post-41843","1":"product","2":"type-product","3":"status-publish","4":"has-post-thumbnail","6":"product_cat-nino_textil_camisetas","7":"product_tag-adidas","8":"pa_color-unico","9":"pa_talla-t-10","10":"thunk-woo-product-list","11":"opn-qv-enable","12":"open-woo-hover-","13":"open-single-product-tab-horizontal","14":"open-shadow-","15":"open-shadow-hover-","17":"first","18":"instock","19":"shipping-taxable","20":"purchasable","21":"product-type-variable"},"jetpack_sharing_enabled":true,"_links":{"self":[{"href":"https:\/\/www.deporteseli.com\/index.php?rest_route=\/wp\/v2\/product\/41843","targetHints":{"allow":["GET"]}}],"collection":[{"href":"https:\/\/www.deporteseli.com\/index.php?rest_route=\/wp\/v2\/product"}],"about":[{"href":"https:\/\/www.deporteseli.com\/index.php?rest_route=\/wp\/v2\/types\/product"}],"wp:featuredmedia":[{"embeddable":true,"href":"https:\/\/www.deporteseli.com\/index.php?rest_route=\/wp\/v2\/media\/55438"}],"wp:attachment":[{"href":"https:\/\/www.deporteseli.com\/index.php?rest_route=%2Fwp%2Fv2%2Fmedia&parent=41843"}],"wp:term":[{"taxonomy":"product_brand","embeddable":true,"href":"https:\/\/www.deporteseli.com\/index.php?rest_route=%2Fwp%2Fv2%2Fproduct_brand&post=41843"},{"taxonomy":"product_cat","embeddable":true,"href":"https:\/\/www.deporteseli.com\/index.php?rest_route=%2Fwp%2Fv2%2Fproduct_cat&post=41843"},{"taxonomy":"product_tag","embeddable":true,"href":"https:\/\/www.deporteseli.com\/index.php?rest_route=%2Fwp%2Fv2%2Fproduct_tag&post=41843"}],"curies":[{"name":"wp","href":"https:\/\/api.w.org\/{rel}","templated":true}]}}