{"id":41842,"date":"2026-01-27T19:26:58","date_gmt":"2026-01-27T19:26:58","guid":{"rendered":"https:\/\/www.deporteseli.com\/?product=bolas-wilson-premier-padel-speed"},"modified":"2026-01-27T19:26:58","modified_gmt":"2026-01-27T19:26:58","slug":"bolas-wilson-premier-padel-speed","status":"publish","type":"product","link":"https:\/\/www.deporteseli.com\/?product=bolas-wilson-premier-padel-speed","title":{"rendered":"BOLAS WILSON PREMIER PADEL SPEED"},"content":{"rendered":"<p>La pelota de Wilson Premier Padel Speed, es la primera bola Oficial del torneo por excelencia, la Premier Padel.  Esta pelota esta de Padel ha sido creada para ofrecer mayor durabilidad. Dedicada a aquellos jugadores que buscan velocidad en la pelota, o para partidos jugados en superficies m\u00e1s lentas.    Detalles    Pelota para pista lenta y zonas de altitud inferior a 600 metros  Ideal para zonas de climas m\u00e1s fr\u00edos  Pelota m\u00e1s r\u00e1pida y mayor durabilidad  Esta pelota colabora con la reducci\u00f3n de pl\u00e1stico en el medio ambiente  El bote contiene 3 bolas  Color: Amarillo  Referencia: WR8908501001                                                                                                                                                                                                                                                                                                                                                                                                                                                                                                                                                                                                                                                                                                                                                                                                                                                                                                                                                                                                                                        <\/p>\n","protected":false},"excerpt":{"rendered":"<p>BOLAS WILSON PREMIER PADEL SPEED<\/p>\n","protected":false},"featured_media":55430,"template":"","meta":[],"product_brand":[],"product_cat":[356],"product_tag":[57],"class_list":{"0":"post-41842","1":"product","2":"type-product","3":"status-publish","4":"has-post-thumbnail","6":"product_cat-padel_y_tenis_bolas","7":"product_tag-wilson","8":"thunk-woo-product-list","9":"opn-qv-enable","10":"open-woo-hover-","11":"open-single-product-tab-horizontal","12":"open-shadow-","13":"open-shadow-hover-","15":"first","16":"instock","17":"shipping-taxable","18":"purchasable","19":"product-type-simple"},"jetpack_sharing_enabled":true,"_links":{"self":[{"href":"https:\/\/www.deporteseli.com\/index.php?rest_route=\/wp\/v2\/product\/41842","targetHints":{"allow":["GET"]}}],"collection":[{"href":"https:\/\/www.deporteseli.com\/index.php?rest_route=\/wp\/v2\/product"}],"about":[{"href":"https:\/\/www.deporteseli.com\/index.php?rest_route=\/wp\/v2\/types\/product"}],"wp:featuredmedia":[{"embeddable":true,"href":"https:\/\/www.deporteseli.com\/index.php?rest_route=\/wp\/v2\/media\/55430"}],"wp:attachment":[{"href":"https:\/\/www.deporteseli.com\/index.php?rest_route=%2Fwp%2Fv2%2Fmedia&parent=41842"}],"wp:term":[{"taxonomy":"product_brand","embeddable":true,"href":"https:\/\/www.deporteseli.com\/index.php?rest_route=%2Fwp%2Fv2%2Fproduct_brand&post=41842"},{"taxonomy":"product_cat","embeddable":true,"href":"https:\/\/www.deporteseli.com\/index.php?rest_route=%2Fwp%2Fv2%2Fproduct_cat&post=41842"},{"taxonomy":"product_tag","embeddable":true,"href":"https:\/\/www.deporteseli.com\/index.php?rest_route=%2Fwp%2Fv2%2Fproduct_tag&post=41842"}],"curies":[{"name":"wp","href":"https:\/\/api.w.org\/{rel}","templated":true}]}}