{"id":41839,"date":"2026-01-27T19:26:55","date_gmt":"2026-01-27T19:26:55","guid":{"rendered":"https:\/\/www.deporteseli.com\/?product=banador-clx-3-bandas"},"modified":"2026-03-07T05:55:17","modified_gmt":"2026-03-07T05:55:17","slug":"banador-clx-3-bandas","status":"publish","type":"product","link":"https:\/\/www.deporteseli.com\/?product=banador-clx-3-bandas","title":{"rendered":"BA\u00f1ADOR CLX 3 BANDAS"},"content":{"rendered":"<p>CONFORT Y ESTILO DENTRO Y FUERA DEL AGUA  Este ba\u00f1ador adidas presenta un dise\u00f1o de pernera muy corta que te ofrece total libertad para nadar a tus anchas. Incorpora un calzoncillo interior de malla que favorece la ventilaci\u00f3n. Se ha confeccionado en un tejido con acabado sin fluorocarbonos que repele el agua para un secado r\u00e1pido.    Este producto se ha fabricado con un 100% de material reciclado. Su objetivo es plantear otra soluci\u00f3n m\u00e1s que ayude a eliminar los residuos pl\u00e1sticos.  Pernera muy corta: 34 cm (talla M)  Cintura el\u00e1stica de talle medio con cord\u00f3n  Exterior: tejido t\u00e9cnico 100% poli\u00e9ster reciclado  Calzoncillo interior de malla  Cintura de talle medio  Bolsillos laterales de malla  Tejido resistente, transpirable y de secado r\u00e1pido  Acabado sin fluorocarbonos que repele el agua  Color del art\u00edculo: Semi Flash Aqua \/ White  N\u00famero de art\u00edculo: IS2056                                                                                                                                                                                                                                                                                                                                                                                                                                                                                                                                                                                                                                                                                                                                                                                                                                                                                                                                                                                                                                        <\/p>\n","protected":false},"excerpt":{"rendered":"<p>BA\u00f1ADOR CLX 3 BANDAS<\/p>\n","protected":false},"featured_media":55425,"template":"","meta":[],"product_brand":[],"product_cat":[246],"product_tag":[18],"class_list":{"0":"post-41839","1":"product","2":"type-product","3":"status-publish","4":"has-post-thumbnail","6":"product_cat-hombre_textil_banadores","7":"product_tag-adidas","8":"pa_color-blanco","9":"pa_talla-m","10":"pa_talla-s","11":"thunk-woo-product-list","12":"opn-qv-enable","13":"open-woo-hover-","14":"open-single-product-tab-horizontal","15":"open-shadow-","16":"open-shadow-hover-","18":"first","19":"instock","20":"shipping-taxable","21":"purchasable","22":"product-type-variable"},"jetpack_sharing_enabled":true,"_links":{"self":[{"href":"https:\/\/www.deporteseli.com\/index.php?rest_route=\/wp\/v2\/product\/41839","targetHints":{"allow":["GET"]}}],"collection":[{"href":"https:\/\/www.deporteseli.com\/index.php?rest_route=\/wp\/v2\/product"}],"about":[{"href":"https:\/\/www.deporteseli.com\/index.php?rest_route=\/wp\/v2\/types\/product"}],"wp:featuredmedia":[{"embeddable":true,"href":"https:\/\/www.deporteseli.com\/index.php?rest_route=\/wp\/v2\/media\/55425"}],"wp:attachment":[{"href":"https:\/\/www.deporteseli.com\/index.php?rest_route=%2Fwp%2Fv2%2Fmedia&parent=41839"}],"wp:term":[{"taxonomy":"product_brand","embeddable":true,"href":"https:\/\/www.deporteseli.com\/index.php?rest_route=%2Fwp%2Fv2%2Fproduct_brand&post=41839"},{"taxonomy":"product_cat","embeddable":true,"href":"https:\/\/www.deporteseli.com\/index.php?rest_route=%2Fwp%2Fv2%2Fproduct_cat&post=41839"},{"taxonomy":"product_tag","embeddable":true,"href":"https:\/\/www.deporteseli.com\/index.php?rest_route=%2Fwp%2Fv2%2Fproduct_tag&post=41839"}],"curies":[{"name":"wp","href":"https:\/\/api.w.org\/{rel}","templated":true}]}}