{"id":41825,"date":"2026-01-27T19:26:34","date_gmt":"2026-01-27T19:26:34","guid":{"rendered":"https:\/\/www.deporteseli.com\/?product=paletero-head-team"},"modified":"2026-01-27T19:26:34","modified_gmt":"2026-01-27T19:26:34","slug":"paletero-head-team","status":"publish","type":"product","link":"https:\/\/www.deporteseli.com\/?product=paletero-head-team","title":{"rendered":"PALETERO HEAD TEAM"},"content":{"rendered":"<p>El paletero grande Head Team es ligero y pr\u00e1ctico, con espacio suficiente para transportar hasta 9 palas o todo lo necesario para tus torneos.  Detalles:    Dos grandes compartimentos, uno de los cuales tiene un bolsillo interno adicional para palas o cambio  Dos bolsillos laterales con cremallera para accesorios m\u00e1s peque\u00f1os  Tirantes acolchados, ajustables y extra\u00edbles  Asas acolchadas en la parte superior con cierre de velcro  Asa lateral  Logo Head impreso  Dimensiones (L x A x P): 61.5 x 31.5 x 31 cm  Volumen: 46 L  Material: 100% poli\u00e9ster                                                                                                                                                                                                                                                                                                                                                                                                                                                                                                                                                                                                                                                                                                                                                                                                                                                                                                                                                                                                                                        <\/p>\n","protected":false},"excerpt":{"rendered":"<p>PALETERO HEAD TEAM<\/p>\n","protected":false},"featured_media":55420,"template":"","meta":[],"product_brand":[],"product_cat":[354],"product_tag":[22],"class_list":{"0":"post-41825","1":"product","2":"type-product","3":"status-publish","4":"has-post-thumbnail","6":"product_cat-padel_y_tenis_paleteros","7":"product_tag-head","8":"thunk-woo-product-list","9":"opn-qv-enable","10":"open-woo-hover-","11":"open-single-product-tab-horizontal","12":"open-shadow-","13":"open-shadow-hover-","15":"first","16":"instock","17":"sale","18":"shipping-taxable","19":"purchasable","20":"product-type-simple"},"jetpack_sharing_enabled":true,"_links":{"self":[{"href":"https:\/\/www.deporteseli.com\/index.php?rest_route=\/wp\/v2\/product\/41825","targetHints":{"allow":["GET"]}}],"collection":[{"href":"https:\/\/www.deporteseli.com\/index.php?rest_route=\/wp\/v2\/product"}],"about":[{"href":"https:\/\/www.deporteseli.com\/index.php?rest_route=\/wp\/v2\/types\/product"}],"wp:featuredmedia":[{"embeddable":true,"href":"https:\/\/www.deporteseli.com\/index.php?rest_route=\/wp\/v2\/media\/55420"}],"wp:attachment":[{"href":"https:\/\/www.deporteseli.com\/index.php?rest_route=%2Fwp%2Fv2%2Fmedia&parent=41825"}],"wp:term":[{"taxonomy":"product_brand","embeddable":true,"href":"https:\/\/www.deporteseli.com\/index.php?rest_route=%2Fwp%2Fv2%2Fproduct_brand&post=41825"},{"taxonomy":"product_cat","embeddable":true,"href":"https:\/\/www.deporteseli.com\/index.php?rest_route=%2Fwp%2Fv2%2Fproduct_cat&post=41825"},{"taxonomy":"product_tag","embeddable":true,"href":"https:\/\/www.deporteseli.com\/index.php?rest_route=%2Fwp%2Fv2%2Fproduct_tag&post=41825"}],"curies":[{"name":"wp","href":"https:\/\/api.w.org\/{rel}","templated":true}]}}