{"id":41816,"date":"2026-01-27T19:26:21","date_gmt":"2026-01-27T19:26:21","guid":{"rendered":"https:\/\/www.deporteseli.com\/?product=calcetines-tobilleros-think-linear"},"modified":"2026-02-17T05:18:25","modified_gmt":"2026-02-17T05:18:25","slug":"calcetines-tobilleros-think-linear","status":"publish","type":"product","link":"https:\/\/www.deporteseli.com\/?product=calcetines-tobilleros-think-linear","title":{"rendered":"CALCETINES TOBILLEROS THINK LINEAR"},"content":{"rendered":"<p>CONFORT Y ESTILO PARA TUS PIES  Estos calcetines tobilleros adidas presentan una parte superior de canal\u00e9 que te ofrece un ajuste seguro. Se han confeccionado en un tejido suave y ligero y est\u00e1n disponibles en paquetes de tres pares. La elecci\u00f3n ideal para ampliar tu colecci\u00f3n de calcetines deportivos.    Este producto contiene al menos un 50% de materiales reciclados y renovables.  Largo hasta el tobillo  68% algod\u00f3n \/ 29% poli\u00e9ster reciclado \/ 2% elast\u00e1n \/ 1% nailon reciclado  Tejido fino y ligero  Tres pares por paquete  Pu\u00f1os de canal\u00e9  Color del art\u00edculo: Medium Grey Heather \/ White \/ Black  N\u00famero de art\u00edculo: IC1306                                                                                                                                                                                                                                                                                                                                                                                                                                                                                                                                                                                                                                                                                                                                                                                                                                                                                                                                                                                                                                        <\/p>\n","protected":false},"excerpt":{"rendered":"<p>CALCETINES TOBILLEROS THINK LINEAR<\/p>\n","protected":false},"featured_media":55415,"template":"","meta":[],"product_brand":[],"product_cat":[400],"product_tag":[18],"class_list":{"0":"post-41816","1":"product","2":"type-product","3":"status-publish","4":"has-post-thumbnail","6":"product_cat-accesorios_calcetines","7":"product_tag-adidas","8":"pa_color-unico","9":"pa_talla-l","10":"pa_talla-m","11":"pa_talla-s","12":"pa_talla-xl","13":"thunk-woo-product-list","14":"opn-qv-enable","15":"open-woo-hover-","16":"open-single-product-tab-horizontal","17":"open-shadow-","18":"open-shadow-hover-","20":"first","21":"instock","22":"shipping-taxable","23":"purchasable","24":"product-type-variable"},"jetpack_sharing_enabled":true,"_links":{"self":[{"href":"https:\/\/www.deporteseli.com\/index.php?rest_route=\/wp\/v2\/product\/41816","targetHints":{"allow":["GET"]}}],"collection":[{"href":"https:\/\/www.deporteseli.com\/index.php?rest_route=\/wp\/v2\/product"}],"about":[{"href":"https:\/\/www.deporteseli.com\/index.php?rest_route=\/wp\/v2\/types\/product"}],"wp:featuredmedia":[{"embeddable":true,"href":"https:\/\/www.deporteseli.com\/index.php?rest_route=\/wp\/v2\/media\/55415"}],"wp:attachment":[{"href":"https:\/\/www.deporteseli.com\/index.php?rest_route=%2Fwp%2Fv2%2Fmedia&parent=41816"}],"wp:term":[{"taxonomy":"product_brand","embeddable":true,"href":"https:\/\/www.deporteseli.com\/index.php?rest_route=%2Fwp%2Fv2%2Fproduct_brand&post=41816"},{"taxonomy":"product_cat","embeddable":true,"href":"https:\/\/www.deporteseli.com\/index.php?rest_route=%2Fwp%2Fv2%2Fproduct_cat&post=41816"},{"taxonomy":"product_tag","embeddable":true,"href":"https:\/\/www.deporteseli.com\/index.php?rest_route=%2Fwp%2Fv2%2Fproduct_tag&post=41816"}],"curies":[{"name":"wp","href":"https:\/\/api.w.org\/{rel}","templated":true}]}}