{"id":41814,"date":"2026-01-27T19:26:18","date_gmt":"2026-01-27T19:26:18","guid":{"rendered":"https:\/\/www.deporteseli.com\/?product=calcetines-clasicos-performance-cushioned"},"modified":"2026-01-27T19:26:20","modified_gmt":"2026-01-27T19:26:20","slug":"calcetines-clasicos-performance-cushioned","status":"publish","type":"product","link":"https:\/\/www.deporteseli.com\/?product=calcetines-clasicos-performance-cushioned","title":{"rendered":"CALCETINES CL\u00e1SICOS PERFORMANCE CUSHIONED"},"content":{"rendered":"<p>CONFORT, RENDIMIENTO Y VERSATILIDAD  Hay detalles que te ayudan a darlo todo en cada entrenamiento. Ponte estos calcetines cl\u00e1sicos y rinde al m\u00e1ximo durante toda la sesi\u00f3n. Las inserciones de malla favorecen el flujo de aire y la tecnolog\u00eda transpirable AEROREADY mantiene los pies c\u00f3modos y secos. Las zonas flexibles y el refuerzo en el arco plantar te permiten moverte con total libertad. Cada paquete incluye tres pares.    Este producto contiene al menos un 50% de materiales reciclados y renovables.  Largo cl\u00e1sico  Punto 50% algod\u00f3n \/ 50% poli\u00e9ster reciclado  Inserciones de malla que favorecen la ventilaci\u00f3n  Tres pares por paquete  AEROREADY  Refuerzo en el arco plantar  Paneles acolchados en la puntera y el tal\u00f3n  Zonas flexibles y costuras planas en la puntera  Color del art\u00edculo: White \/ White \/ White  N\u00famero de art\u00edculo: HT3452                                                                                                                                                                                                                                                                                                                                                                                                                                                                                                                                                                                                                                                                                                                                                                                                                                                                                                                                                                                                                                        <\/p>\n","protected":false},"excerpt":{"rendered":"<p>CALCETINES CL\u00e1SICOS PERFORMANCE CUSHIONED<\/p>\n","protected":false},"featured_media":55413,"template":"","meta":[],"product_brand":[],"product_cat":[400],"product_tag":[18],"class_list":{"0":"post-41814","1":"product","2":"type-product","3":"status-publish","4":"has-post-thumbnail","6":"product_cat-accesorios_calcetines","7":"product_tag-adidas","8":"pa_color-blanco","9":"pa_talla-l","10":"thunk-woo-product-list","11":"opn-qv-enable","12":"open-woo-hover-","13":"open-single-product-tab-horizontal","14":"open-shadow-","15":"open-shadow-hover-","17":"first","18":"instock","19":"shipping-taxable","20":"purchasable","21":"product-type-variable"},"jetpack_sharing_enabled":true,"_links":{"self":[{"href":"https:\/\/www.deporteseli.com\/index.php?rest_route=\/wp\/v2\/product\/41814","targetHints":{"allow":["GET"]}}],"collection":[{"href":"https:\/\/www.deporteseli.com\/index.php?rest_route=\/wp\/v2\/product"}],"about":[{"href":"https:\/\/www.deporteseli.com\/index.php?rest_route=\/wp\/v2\/types\/product"}],"wp:featuredmedia":[{"embeddable":true,"href":"https:\/\/www.deporteseli.com\/index.php?rest_route=\/wp\/v2\/media\/55413"}],"wp:attachment":[{"href":"https:\/\/www.deporteseli.com\/index.php?rest_route=%2Fwp%2Fv2%2Fmedia&parent=41814"}],"wp:term":[{"taxonomy":"product_brand","embeddable":true,"href":"https:\/\/www.deporteseli.com\/index.php?rest_route=%2Fwp%2Fv2%2Fproduct_brand&post=41814"},{"taxonomy":"product_cat","embeddable":true,"href":"https:\/\/www.deporteseli.com\/index.php?rest_route=%2Fwp%2Fv2%2Fproduct_cat&post=41814"},{"taxonomy":"product_tag","embeddable":true,"href":"https:\/\/www.deporteseli.com\/index.php?rest_route=%2Fwp%2Fv2%2Fproduct_tag&post=41814"}],"curies":[{"name":"wp","href":"https:\/\/api.w.org\/{rel}","templated":true}]}}