{"id":41810,"date":"2026-01-27T19:26:08","date_gmt":"2026-01-27T19:26:08","guid":{"rendered":"https:\/\/www.deporteseli.com\/?product=camisa-asics-2011c992-2"},"modified":"2026-03-07T05:55:15","modified_gmt":"2026-03-07T05:55:15","slug":"camisa-asics-2011c992-2","status":"publish","type":"product","link":"https:\/\/www.deporteseli.com\/?product=camisa-asics-2011c992-2","title":{"rendered":"CAMISA ASICS 2011C992"},"content":{"rendered":"<p>La camiseta ROAD SHORT SLEEVE TOP es nuestra prenda favorita de running para todas las estaciones, dise\u00f1ada pensando en la transpirabilidad.    Con tecnolog\u00eda ACTIBREEZE, que mantiene el cuerpo fresco y c\u00f3modo.    El tejido de malla reciclada bicolor es m\u00e1s transpirable.    Como m\u00ednimo el 50 % del material principal de esta prenda proviene de materiales reciclados.    Tejido principal: 100% Poli\u00e9ster \/ Inserci\u00f3n: 100% Poli\u00e9ster                                                                                                                                                                                                                                                                                                                                                                                                                                                                                                                                                                                                                                                                                                                                                                                                                                                                                                                                                                                                                                        <\/p>\n","protected":false},"excerpt":{"rendered":"<p>CAMISA ASICS 2011C992<\/p>\n","protected":false},"featured_media":55410,"template":"","meta":[],"product_brand":[],"product_cat":[245],"product_tag":[19],"class_list":{"0":"post-41810","1":"product","2":"type-product","3":"status-publish","4":"has-post-thumbnail","6":"product_cat-hombre_textil_camisetas","7":"product_tag-asics","8":"pa_color-unico","9":"pa_talla-l","10":"pa_talla-m","11":"pa_talla-s","12":"thunk-woo-product-list","13":"opn-qv-enable","14":"open-woo-hover-","15":"open-single-product-tab-horizontal","16":"open-shadow-","17":"open-shadow-hover-","19":"first","20":"instock","21":"shipping-taxable","22":"purchasable","23":"product-type-variable"},"jetpack_sharing_enabled":true,"_links":{"self":[{"href":"https:\/\/www.deporteseli.com\/index.php?rest_route=\/wp\/v2\/product\/41810","targetHints":{"allow":["GET"]}}],"collection":[{"href":"https:\/\/www.deporteseli.com\/index.php?rest_route=\/wp\/v2\/product"}],"about":[{"href":"https:\/\/www.deporteseli.com\/index.php?rest_route=\/wp\/v2\/types\/product"}],"wp:featuredmedia":[{"embeddable":true,"href":"https:\/\/www.deporteseli.com\/index.php?rest_route=\/wp\/v2\/media\/55410"}],"wp:attachment":[{"href":"https:\/\/www.deporteseli.com\/index.php?rest_route=%2Fwp%2Fv2%2Fmedia&parent=41810"}],"wp:term":[{"taxonomy":"product_brand","embeddable":true,"href":"https:\/\/www.deporteseli.com\/index.php?rest_route=%2Fwp%2Fv2%2Fproduct_brand&post=41810"},{"taxonomy":"product_cat","embeddable":true,"href":"https:\/\/www.deporteseli.com\/index.php?rest_route=%2Fwp%2Fv2%2Fproduct_cat&post=41810"},{"taxonomy":"product_tag","embeddable":true,"href":"https:\/\/www.deporteseli.com\/index.php?rest_route=%2Fwp%2Fv2%2Fproduct_tag&post=41810"}],"curies":[{"name":"wp","href":"https:\/\/api.w.org\/{rel}","templated":true}]}}