{"id":41803,"date":"2026-01-27T19:25:58","date_gmt":"2026-01-27T19:25:58","guid":{"rendered":"https:\/\/www.deporteseli.com\/?product=nike-downshifter-13"},"modified":"2026-01-27T19:26:07","modified_gmt":"2026-01-27T19:26:07","slug":"nike-downshifter-13","status":"publish","type":"product","link":"https:\/\/www.deporteseli.com\/?product=nike-downshifter-13","title":{"rendered":"NIKE DOWNSHIFTER 13"},"content":{"rendered":"<p>Las Downshifter 13 son perfectas tanto para las personas que empiezan a correr como para runners expertos que buscan mejorar sus marcas. Con una parte superior renovada, amortiguaci\u00f3n y durabilidad, te ayuda a sacar fuerzas o a dar el primer paso para conseguir tus objetivos.      Confeccionadas con Nike Grind    La suela exterior est\u00e1 confeccionada con, al menos, un 15 % de material Nike Grind, formado por residuos del proceso de fabricaci\u00f3n de calzado.      Malla transpirable    La malla suave y c\u00f3moda ofrece un alto nivel de transpirabilidad.      Sujeci\u00f3n y firmeza    Banda de ajuste interior actualizada que rodea el mediopi\u00e9 para ofrecer sujeci\u00f3n y firmeza.      Detalles del producto    Detalles de dise\u00f1o reflectante  Este producto no est\u00e1 dise\u00f1ado para su uso como equipo de protecci\u00f3n individual (EPI)                                                                                                                                                                                                                                                                                                                                                                                                                                                                                                                                                                                                                                                                                                                                                                                                                                                                                                                                                                                                                                        <\/p>\n","protected":false},"excerpt":{"rendered":"<p>NIKE DOWNSHIFTER 13<\/p>\n","protected":false},"featured_media":55405,"template":"","meta":[],"product_brand":[],"product_cat":[285],"product_tag":[37],"class_list":{"0":"post-41803","1":"product","2":"type-product","3":"status-publish","4":"has-post-thumbnail","6":"product_cat-mujer_calzado_running","7":"product_tag-nike","8":"pa_color-blanco","9":"pa_talla-141","10":"pa_talla-37-5","11":"pa_talla-145","12":"pa_talla-147","13":"pa_talla-149","14":"pa_talla-151","15":"thunk-woo-product-list","16":"opn-qv-enable","17":"open-woo-hover-","18":"open-single-product-tab-horizontal","19":"open-shadow-","20":"open-shadow-hover-","22":"first","23":"instock","24":"sale","25":"shipping-taxable","26":"purchasable","27":"product-type-variable"},"jetpack_sharing_enabled":true,"_links":{"self":[{"href":"https:\/\/www.deporteseli.com\/index.php?rest_route=\/wp\/v2\/product\/41803","targetHints":{"allow":["GET"]}}],"collection":[{"href":"https:\/\/www.deporteseli.com\/index.php?rest_route=\/wp\/v2\/product"}],"about":[{"href":"https:\/\/www.deporteseli.com\/index.php?rest_route=\/wp\/v2\/types\/product"}],"wp:featuredmedia":[{"embeddable":true,"href":"https:\/\/www.deporteseli.com\/index.php?rest_route=\/wp\/v2\/media\/55405"}],"wp:attachment":[{"href":"https:\/\/www.deporteseli.com\/index.php?rest_route=%2Fwp%2Fv2%2Fmedia&parent=41803"}],"wp:term":[{"taxonomy":"product_brand","embeddable":true,"href":"https:\/\/www.deporteseli.com\/index.php?rest_route=%2Fwp%2Fv2%2Fproduct_brand&post=41803"},{"taxonomy":"product_cat","embeddable":true,"href":"https:\/\/www.deporteseli.com\/index.php?rest_route=%2Fwp%2Fv2%2Fproduct_cat&post=41803"},{"taxonomy":"product_tag","embeddable":true,"href":"https:\/\/www.deporteseli.com\/index.php?rest_route=%2Fwp%2Fv2%2Fproduct_tag&post=41803"}],"curies":[{"name":"wp","href":"https:\/\/api.w.org\/{rel}","templated":true}]}}