{"id":41797,"date":"2026-01-27T19:25:50","date_gmt":"2026-01-27T19:25:50","guid":{"rendered":"https:\/\/www.deporteseli.com\/?product=tiempo-legend-10-club-fg-mg"},"modified":"2026-02-25T05:18:20","modified_gmt":"2026-02-25T05:18:20","slug":"tiempo-legend-10-club-fg-mg","status":"publish","type":"product","link":"https:\/\/www.deporteseli.com\/?product=tiempo-legend-10-club-fg-mg","title":{"rendered":"TIEMPO LEGEND 10 CLUB FG\/MG"},"content":{"rendered":"<p>Bota de f\u00fatbol multitaco para ni\u00f1o-a NIKE JR TIEMPO LEGEND 10 CLUB FG\/MG negra DV4352-040        Incluso las Legend encuentran formas de evolucionar. Tanto si se empieza el deporte como si solo se juega por diversi\u00f3n, esta \u00faltima versi\u00f3n de las botas Club son perfectas para salir al campo sin sacrificar la calidad.     La piel sint\u00e9tica se adapta a la forma del pie y evita el exceso de elasticidad para un mejor control.     Las Legend 10 cuentan con un dise\u00f1o m\u00e1s ligero y elegante que cualquier otras Tiempo hasta la fecha, por lo que son perfectas para cualquier posici\u00f3n en el campo, ya sea para clavar un pase al hueco o para frenar un contraataque.         &#8211; TOQUE MEJORADO:  la piel sint\u00e9tica moldeada imita la sensaci\u00f3n acolchada para mejorar el toque.     &#8211; Ajuste natural y adaptable: la piel sint\u00e9tica se adapta a la forma del pie y ofrece un mejor control y mantiene la comodidad durante el partido.     &#8211; Tracci\u00f3n para el campo: la placa combina tacos c\u00f3nicos en el tal\u00f3n para ofrecer una tracci\u00f3n y estabilidad \u00f3ptimas al frenar y cambiar de direcci\u00f3n, independientemente de las condiciones.     &#8211; Para uso en superficies naturales y sint\u00e9ticas     &#8211; Suela interior amortiguada                                                                                                                                                                                                                                                                                                                                                                                                                                                                                                                                                                                                                                                                                                                                                                                                                                                                                                                                                                                                                                        <\/p>\n","protected":false},"excerpt":{"rendered":"<p>TIEMPO LEGEND 10 CLUB FG\/MG<\/p>\n","protected":false},"featured_media":55401,"template":"","meta":[],"product_brand":[],"product_cat":[318],"product_tag":[37],"class_list":{"0":"post-41797","1":"product","2":"type-product","3":"status-publish","4":"has-post-thumbnail","6":"product_cat-deportes_futbol_botas","7":"product_tag-nike","8":"pa_color-negro","9":"pa_talla-133","10":"pa_talla-35-5","11":"pa_talla-37-5","12":"pa_talla-145","13":"pa_talla-38-5","14":"thunk-woo-product-list","15":"opn-qv-enable","16":"open-woo-hover-","17":"open-single-product-tab-horizontal","18":"open-shadow-","19":"open-shadow-hover-","21":"first","22":"instock","23":"sale","24":"shipping-taxable","25":"purchasable","26":"product-type-variable"},"jetpack_sharing_enabled":true,"_links":{"self":[{"href":"https:\/\/www.deporteseli.com\/index.php?rest_route=\/wp\/v2\/product\/41797","targetHints":{"allow":["GET"]}}],"collection":[{"href":"https:\/\/www.deporteseli.com\/index.php?rest_route=\/wp\/v2\/product"}],"about":[{"href":"https:\/\/www.deporteseli.com\/index.php?rest_route=\/wp\/v2\/types\/product"}],"wp:featuredmedia":[{"embeddable":true,"href":"https:\/\/www.deporteseli.com\/index.php?rest_route=\/wp\/v2\/media\/55401"}],"wp:attachment":[{"href":"https:\/\/www.deporteseli.com\/index.php?rest_route=%2Fwp%2Fv2%2Fmedia&parent=41797"}],"wp:term":[{"taxonomy":"product_brand","embeddable":true,"href":"https:\/\/www.deporteseli.com\/index.php?rest_route=%2Fwp%2Fv2%2Fproduct_brand&post=41797"},{"taxonomy":"product_cat","embeddable":true,"href":"https:\/\/www.deporteseli.com\/index.php?rest_route=%2Fwp%2Fv2%2Fproduct_cat&post=41797"},{"taxonomy":"product_tag","embeddable":true,"href":"https:\/\/www.deporteseli.com\/index.php?rest_route=%2Fwp%2Fv2%2Fproduct_tag&post=41797"}],"curies":[{"name":"wp","href":"https:\/\/api.w.org\/{rel}","templated":true}]}}