{"id":41785,"date":"2026-01-27T19:25:33","date_gmt":"2026-01-27T19:25:33","guid":{"rendered":"https:\/\/www.deporteseli.com\/?product=camisa-adidas-ib1670"},"modified":"2026-03-07T05:55:09","modified_gmt":"2026-03-07T05:55:09","slug":"camisa-adidas-ib1670","status":"publish","type":"product","link":"https:\/\/www.deporteseli.com\/?product=camisa-adidas-ib1670","title":{"rendered":"CAMISA ADIDAS IB1670"},"content":{"rendered":"<p>Camiseta adidas Essentials de algod\u00f3n con logo grande Jr IB1670    Caracter\u00edsticas:    La camiseta adidas satisfar\u00e1 las exigencias de estilo de los ni\u00f1os peque\u00f1os y activos y ser\u00e1 una excelente pieza del uniforme escolar.  Corte est\u00e1ndar con manga corta.  Algod\u00f3n suave al tacto.  Logotipo grande en el frente.  Material: 100% algod\u00f3n                                                                                                                                                                                                                                                                                                                                                                                                                                                                                                                                                                                                                                                                                                                                                                                                                                                                                                                                                                                                                                        <\/p>\n","protected":false},"excerpt":{"rendered":"<p>CAMISA ADIDAS IB1670<\/p>\n","protected":false},"featured_media":55391,"template":"","meta":[],"product_brand":[],"product_cat":[296],"product_tag":[18],"class_list":{"0":"post-41785","1":"product","2":"type-product","3":"status-publish","4":"has-post-thumbnail","6":"product_cat-nino_textil_camisetas","7":"product_tag-adidas","8":"pa_color-unico","9":"pa_talla-t-16","10":"pa_talla-t-8","11":"thunk-woo-product-list","12":"opn-qv-enable","13":"open-woo-hover-","14":"open-single-product-tab-horizontal","15":"open-shadow-","16":"open-shadow-hover-","18":"first","19":"instock","20":"shipping-taxable","21":"purchasable","22":"product-type-variable"},"jetpack_sharing_enabled":true,"_links":{"self":[{"href":"https:\/\/www.deporteseli.com\/index.php?rest_route=\/wp\/v2\/product\/41785","targetHints":{"allow":["GET"]}}],"collection":[{"href":"https:\/\/www.deporteseli.com\/index.php?rest_route=\/wp\/v2\/product"}],"about":[{"href":"https:\/\/www.deporteseli.com\/index.php?rest_route=\/wp\/v2\/types\/product"}],"wp:featuredmedia":[{"embeddable":true,"href":"https:\/\/www.deporteseli.com\/index.php?rest_route=\/wp\/v2\/media\/55391"}],"wp:attachment":[{"href":"https:\/\/www.deporteseli.com\/index.php?rest_route=%2Fwp%2Fv2%2Fmedia&parent=41785"}],"wp:term":[{"taxonomy":"product_brand","embeddable":true,"href":"https:\/\/www.deporteseli.com\/index.php?rest_route=%2Fwp%2Fv2%2Fproduct_brand&post=41785"},{"taxonomy":"product_cat","embeddable":true,"href":"https:\/\/www.deporteseli.com\/index.php?rest_route=%2Fwp%2Fv2%2Fproduct_cat&post=41785"},{"taxonomy":"product_tag","embeddable":true,"href":"https:\/\/www.deporteseli.com\/index.php?rest_route=%2Fwp%2Fv2%2Fproduct_tag&post=41785"}],"curies":[{"name":"wp","href":"https:\/\/api.w.org\/{rel}","templated":true}]}}