{"id":41780,"date":"2026-01-27T19:25:26","date_gmt":"2026-01-27T19:25:26","guid":{"rendered":"https:\/\/www.deporteseli.com\/?product=pantalon-nike-dv9740"},"modified":"2026-04-10T04:17:36","modified_gmt":"2026-04-10T04:17:36","slug":"pantalon-nike-dv9740","status":"publish","type":"product","link":"https:\/\/www.deporteseli.com\/?product=pantalon-nike-dv9740","title":{"rendered":"PANTAL\u00f3N NIKE DV9740"},"content":{"rendered":"<p>Equ\u00edpate para los d\u00edas de entrenamiento y cualquier otra situaci\u00f3n con el pantal\u00f3n Academy que capilariza el sudor. Cuenta con un dise\u00f1o resistente y suave que incorpora paneles transpirables para mantener la frescura en cada ejercicio. Adem\u00e1s, tiene costuras con cremallera en los tobillos para quitarte el pantal\u00f3n con las botas puestas.      Ventajas    Tecnolog\u00eda Nike Dri-FIT que capilariza el sudor de la piel para mantener la transpirabilidad y la comodidad.  Tejido Knit ligero y suave al contacto con la piel.  Paneles laterales de malla para mayor transpirabilidad y frescura.  Bolsillos laterales con cremallera para guardar objetos peque\u00f1os.  Costuras con cremallera en los tobillos para pon\u00e9rtelo y quit\u00e1rtelo f\u00e1cilmente con las botas puestas.    Detalles del producto    Cintura el\u00e1stica con cord\u00f3n  Swoosh bordado  100 % poli\u00e9ster  Lavar a m\u00e1quina  De importaci\u00f3n  Color mostrado: Negro\/Negro\/Oro metalizado  Modelo: DV9740-015                                                                                                                                                                                                                                                                                                                                                                                                                                                                                                                                                                                                                                                                                                                                                                                                                                                                                                                                                                                                                                        <\/p>\n","protected":false},"excerpt":{"rendered":"<p>PANTAL\u00f3N NIKE DV9740<\/p>\n","protected":false},"featured_media":55385,"template":"","meta":[],"product_brand":[],"product_cat":[252],"product_tag":[37],"class_list":{"0":"post-41780","1":"product","2":"type-product","3":"status-publish","4":"has-post-thumbnail","6":"product_cat-hombre_textil_pantalones","7":"product_tag-nike","8":"pa_color-negro","9":"pa_talla-s","10":"pa_talla-xl","11":"thunk-woo-product-list","12":"opn-qv-enable","13":"open-woo-hover-","14":"open-single-product-tab-horizontal","15":"open-shadow-","16":"open-shadow-hover-","18":"first","19":"instock","20":"shipping-taxable","21":"purchasable","22":"product-type-variable"},"jetpack_sharing_enabled":true,"_links":{"self":[{"href":"https:\/\/www.deporteseli.com\/index.php?rest_route=\/wp\/v2\/product\/41780","targetHints":{"allow":["GET"]}}],"collection":[{"href":"https:\/\/www.deporteseli.com\/index.php?rest_route=\/wp\/v2\/product"}],"about":[{"href":"https:\/\/www.deporteseli.com\/index.php?rest_route=\/wp\/v2\/types\/product"}],"wp:featuredmedia":[{"embeddable":true,"href":"https:\/\/www.deporteseli.com\/index.php?rest_route=\/wp\/v2\/media\/55385"}],"wp:attachment":[{"href":"https:\/\/www.deporteseli.com\/index.php?rest_route=%2Fwp%2Fv2%2Fmedia&parent=41780"}],"wp:term":[{"taxonomy":"product_brand","embeddable":true,"href":"https:\/\/www.deporteseli.com\/index.php?rest_route=%2Fwp%2Fv2%2Fproduct_brand&post=41780"},{"taxonomy":"product_cat","embeddable":true,"href":"https:\/\/www.deporteseli.com\/index.php?rest_route=%2Fwp%2Fv2%2Fproduct_cat&post=41780"},{"taxonomy":"product_tag","embeddable":true,"href":"https:\/\/www.deporteseli.com\/index.php?rest_route=%2Fwp%2Fv2%2Fproduct_tag&post=41780"}],"curies":[{"name":"wp","href":"https:\/\/api.w.org\/{rel}","templated":true}]}}